{"id":1060,"date":"2020-06-17T15:06:28","date_gmt":"2020-06-17T13:06:28","guid":{"rendered":"http:\/\/inmondo.pl\/?post_type=product&#038;p=1060"},"modified":"2026-03-24T10:40:42","modified_gmt":"2026-03-24T09:40:42","slug":"kommode-2d-breit","status":"publish","type":"product","link":"https:\/\/inmondo.pl\/de\/sklep\/elementy\/komody\/kommode-2d-breit\/","title":{"rendered":"2D breite Kommode"},"content":{"rendered":"<p>Eine einfache und praktische 2-t\u00fcrige Kommode ist eine gro\u00dfartige Idee, um den Platz im Raum zu nutzen. Die Kommode kann unter das Minimondo Hochbeet gestellt werden. Es eignet sich auch perfekt als freistehendes M\u00f6bel.<\/p>\n<p>Verstecken Sie Ihre Sch\u00e4tze hinter 2 T\u00fcren und pr\u00e4sentieren Sie Ihre Sch\u00e4tze auf zwei offenen Regalen.<\/p>\n<p>Die T\u00fcr der Kommode bewegt sich auf Scharnieren mit einem leisen Schlie\u00dfsystem.<\/p>\n<p>Die oberen und unteren Kr\u00e4nze der Kommode sind aus massivem Birkenholz.<\/p>\n<p>Die schr\u00e4gen Beine sorgen f\u00fcr Leichtigkeit und durch ihre Holmverbindung wird zus\u00e4tzliche Stabilit\u00e4t der Struktur erreicht.<\/p>\n<p>&nbsp;<\/p>","protected":false},"excerpt":{"rendered":"<p>Eine einfache und praktische 2-t\u00fcrige Kommode ist eine gro\u00dfartige Idee, um den Platz im Raum zu nutzen. Die Kommode kann unter das Minimondo Hochbeet gestellt werden. Es eignet sich auch perfekt als freistehendes M\u00f6bel.<\/p>\n<p>Verstecken Sie Ihre Sch\u00e4tze hinter 2 T\u00fcren und pr\u00e4sentieren Sie Ihre Sch\u00e4tze auf zwei offenen Regalen.<\/p>\n<p>Die T\u00fcr der Kommode bewegt sich auf Scharnieren mit einem leisen Schlie\u00dfsystem.<\/p>\n<p>Die oberen und unteren Kr\u00e4nze der Kommode sind aus massivem Birkenholz.<\/p>\n<p>Die schr\u00e4gen Beine sorgen f\u00fcr Leichtigkeit und durch ihre Holmverbindung wird zus\u00e4tzliche Stabilit\u00e4t der Struktur erreicht.<\/p>\n<p>&nbsp;<\/p>","protected":false},"featured_media":1012,"comment_status":"open","ping_status":"closed","template":"","meta":{"_acf_changed":false},"product_brand":[],"product_cat":[20,17,30,19],"product_tag":[],"class_list":{"0":"post-1060","1":"product","2":"type-product","3":"status-publish","4":"has-post-thumbnail","6":"product_cat-elementy","7":"product_cat-kolekcje","8":"product_cat-komody","9":"product_cat-minimondo","11":"first","12":"onbackorder","13":"taxable","14":"shipping-taxable","15":"purchasable","16":"product-type-variable","17":"has-default-attributes"},"acf":{"wymiary":"Szeroko\u015b\u0107: 75 cm<br \/>\r\nWysoko\u015b\u0107: 67 cm<br \/>\r\nG\u0142\u0119boko\u015b\u0107: 52 cm","materialy":"drewno brzozowe, p\u0142yta MDF, lakier wodny i&nbsp;wodny UV","sections_woocommerce":[{"acf_fc_layout":"section_menu","is_active":true,"repeater":[{"text":"Opis","link":"#opis"},{"text":"Lookbook","link":"#lookbook"},{"text":"Opinie","link":"#opinie"},{"text":"Inne produkty","link":"#inneprodukty"}]},{"acf_fc_layout":"section_woocommerce_text_image","is_active":true,"anchor":"opis","text_align":"textAlign--left","grid_width":"main","wysiwyg":"<h2>Minimondo nieograniczone mo\u017cliwo\u015bci.<\/h2>\n<p>Szeroki wyb\u00f3r element\u00f3w z\u00a0kolekcji Minimondo pozwoli zaaran\u017cowa\u0107 ka\u017cd\u0105 przestrze\u0144 zgodnie z\u00a0Twoimi potrzebami i\u00a0upodobaniami. Zapomnij o\u00a0problemach z\u00a0brakiem miejsca na\u00a0przechowywanie Twoich skarb\u00f3w. Ksi\u0105\u017cki, ubrania zabawki \u2013 od teraz na\u00a0wszystko znajdziesz swoje miejsce. Je\u015bli w\u00a0pokoju brakuje Ci miejsca meble mo\u017cesz postawi\u0107 pod\u00a0\u0142\u00f3\u017ckiem uzyskuj\u0105c przestrze\u0144 do\u00a0przechowywania bez po\u015bwi\u0119cania miejsca w\u00a0pokoju.<\/p>\n","image":"https:\/\/inmondo.pl\/wp-content\/uploads\/2020\/08\/2019_04_INMONDO_POK\u00d3J_DZIEWCZYNKI_1-11304-1920.jpg"},{"acf_fc_layout":"section_woocommerce_text_image","is_active":true,"anchor":"","text_align":"textAlign--right","grid_width":"main","wysiwyg":"<p>Tworz\u0105c nasze meble my\u015blimy nie tylko o\u00a0funkcjonalno\u015bci, ale\u00a0tak\u017ce o\u00a0bezpiecze\u0144stwie i\u00a0komforcie Twojego dziecka. Dlatego\u00a0wszystkie nasze meble s\u0105 lakierowane ekologicznymi farbami wodnymi. Zawiasy i\u00a0prowadnice posiadaj\u0105 system cichego domyku.<\/p>\n<p>Komoda zosta\u0142a polakierowana przyjaznymi dla dziecka i \u015brodowiska lakierami, a drewno, z kt\u00f3rego jest wykonana pochodzi z certyfikowanych, dobrze zarz\u0105dzanych las\u00f3w.<\/p>\n","image":"https:\/\/inmondo.pl\/wp-content\/uploads\/2020\/07\/2019_04_INMONDO_POK\u00d3J_DZIEWCZYNKI_1-114031920.jpg"},{"acf_fc_layout":"section_woocommerce_lookbook","is_active":true,"anchor":"lookbook","header":"<h2 style=\"text-align: center;\">Zobacz galeri\u0119 Minimondo:<\/h2>\n<p style=\"text-align: center;\">Minimalistyczny lookbook prosto od naszych projektant\u00f3w. Ogl\u0105daj, inspiruj si\u0119, a\u00a0je\u015bli masz pomys\u0142y lub\u00a0pytania \u2014 od razu dzwo\u0144!<\/p>\n","repeater":[{"shortcode":"[woocommerce_lookbook id=\"1283\"]"},{"shortcode":"[woocommerce_lookbook id=\"1284\"]"},{"shortcode":"[woocommerce_lookbook id=\"1282\"]"}]},{"acf_fc_layout":"section_woocommerce_opinions","is_active":true,"anchor":"opinie"},{"acf_fc_layout":"section_woocommerce_otherFromCategory","is_active":true,"anchor":"inneprodukty"}],"czas_realizacji":""},"yoast_head":"<!-- This site is optimized with the Yoast SEO plugin v27.3 - https:\/\/yoast.com\/product\/yoast-seo-wordpress\/ -->\n<title>Komoda 2D szeroka - Inmondo<\/title>\n<meta name=\"robots\" content=\"index, follow, max-snippet:-1, max-image-preview:large, max-video-preview:-1\" \/>\n<link rel=\"canonical\" href=\"https:\/\/inmondo.pl\/de\/sklep\/elementy\/komody\/kommode-2d-breit\/\" \/>\n<meta property=\"og:locale\" content=\"de_DE\" \/>\n<meta property=\"og:type\" content=\"article\" \/>\n<meta property=\"og:title\" content=\"Komoda 2D szeroka - Inmondo\" \/>\n<meta property=\"og:description\" content=\"Prosta i praktyczna 2 drzwiowa komoda jest doskona\u0142ym pomys\u0142em na wykorzystanie przestrzeni w pokoju. Komoda mo\u017ce by\u0107 ustawiona pod \u0142\u00f3\u017ckiem podniesionym Minimondo. Idealnie sprawdzi si\u0119 tak\u017ce jako wolnostoj\u0105cy meble.  Ukryj swoje skarby za 2 drzwiczkami i wyeksponuj, te kt\u00f3rymi chcesz si\u0119 pochwali\u0107 na dw\u00f3ch otwartych p\u00f3\u0142kach.  Drzwi komody poruszaj\u0105 si\u0119 na zawiasach z systemem cichego domyku.  Wieniec g\u00f3rny i dolny komody zosta\u0142 wykonany z litego drewna brzozowego.  Sko\u015bne n\u00f3\u017cki dodaj\u0105 lekko\u015bci, natomiast dzi\u0119ki po\u0142\u0105czeniu ich ramiakami uzyskano dodatkow\u0105 stabilno\u015b\u0107 konstrukcji.  &nbsp;\" \/>\n<meta property=\"og:url\" content=\"https:\/\/inmondo.pl\/de\/sklep\/elementy\/komody\/kommode-2d-breit\/\" \/>\n<meta property=\"og:site_name\" content=\"Inmondo\" \/>\n<meta property=\"article:modified_time\" content=\"2026-03-24T09:40:42+00:00\" \/>\n<meta property=\"og:image\" content=\"https:\/\/inmondo.pl\/wp-content\/uploads\/2020\/06\/2019_09_INMONDO_PACKSHOTY-19864_small.jpg\" \/>\n\t<meta property=\"og:image:width\" content=\"960\" \/>\n\t<meta property=\"og:image:height\" content=\"960\" \/>\n\t<meta property=\"og:image:type\" content=\"image\/jpeg\" \/>\n<meta name=\"twitter:card\" content=\"summary_large_image\" \/>\n<meta name=\"twitter:label1\" content=\"Gesch\u00e4tzte Lesezeit\" \/>\n\t<meta name=\"twitter:data1\" content=\"3\u00a0Minuten\" \/>\n<script type=\"application\/ld+json\" class=\"yoast-schema-graph\">{\"@context\":\"https:\\\/\\\/schema.org\",\"@graph\":[{\"@type\":\"WebPage\",\"@id\":\"https:\\\/\\\/inmondo.pl\\\/sklep\\\/elementy\\\/komody\\\/komoda-2d-szeroka\\\/\",\"url\":\"https:\\\/\\\/inmondo.pl\\\/sklep\\\/elementy\\\/komody\\\/komoda-2d-szeroka\\\/\",\"name\":\"Komoda 2D szeroka - Inmondo\",\"isPartOf\":{\"@id\":\"https:\\\/\\\/inmondo.pl\\\/#website\"},\"primaryImageOfPage\":{\"@id\":\"https:\\\/\\\/inmondo.pl\\\/sklep\\\/elementy\\\/komody\\\/komoda-2d-szeroka\\\/#primaryimage\"},\"image\":{\"@id\":\"https:\\\/\\\/inmondo.pl\\\/sklep\\\/elementy\\\/komody\\\/komoda-2d-szeroka\\\/#primaryimage\"},\"thumbnailUrl\":\"https:\\\/\\\/inmondo.pl\\\/wp-content\\\/uploads\\\/2020\\\/06\\\/2019_09_INMONDO_PACKSHOTY-19864_small.jpg\",\"datePublished\":\"2020-06-17T13:06:28+00:00\",\"dateModified\":\"2026-03-24T09:40:42+00:00\",\"breadcrumb\":{\"@id\":\"https:\\\/\\\/inmondo.pl\\\/sklep\\\/elementy\\\/komody\\\/komoda-2d-szeroka\\\/#breadcrumb\"},\"inLanguage\":\"de\",\"potentialAction\":[{\"@type\":\"ReadAction\",\"target\":[\"https:\\\/\\\/inmondo.pl\\\/sklep\\\/elementy\\\/komody\\\/komoda-2d-szeroka\\\/\"]}]},{\"@type\":\"ImageObject\",\"inLanguage\":\"de\",\"@id\":\"https:\\\/\\\/inmondo.pl\\\/sklep\\\/elementy\\\/komody\\\/komoda-2d-szeroka\\\/#primaryimage\",\"url\":\"https:\\\/\\\/inmondo.pl\\\/wp-content\\\/uploads\\\/2020\\\/06\\\/2019_09_INMONDO_PACKSHOTY-19864_small.jpg\",\"contentUrl\":\"https:\\\/\\\/inmondo.pl\\\/wp-content\\\/uploads\\\/2020\\\/06\\\/2019_09_INMONDO_PACKSHOTY-19864_small.jpg\",\"width\":960,\"height\":960},{\"@type\":\"BreadcrumbList\",\"@id\":\"https:\\\/\\\/inmondo.pl\\\/sklep\\\/elementy\\\/komody\\\/komoda-2d-szeroka\\\/#breadcrumb\",\"itemListElement\":[{\"@type\":\"ListItem\",\"position\":1,\"name\":\"Strona g\u0142\u00f3wna\",\"item\":\"https:\\\/\\\/inmondo.pl\\\/\"},{\"@type\":\"ListItem\",\"position\":2,\"name\":\"Oferta Inmondo: spe\u0142niamy marzenia i wymagania\",\"item\":\"https:\\\/\\\/inmondo.pl\\\/sklep\\\/\"},{\"@type\":\"ListItem\",\"position\":3,\"name\":\"kolekcje\",\"item\":\"https:\\\/\\\/inmondo.pl\\\/de\\\/sklep\\\/kolekcje\\\/\"},{\"@type\":\"ListItem\",\"position\":4,\"name\":\"Komoda 2D szeroka\"}]},{\"@type\":\"WebSite\",\"@id\":\"https:\\\/\\\/inmondo.pl\\\/#website\",\"url\":\"https:\\\/\\\/inmondo.pl\\\/\",\"name\":\"Inmondo\",\"description\":\"\",\"potentialAction\":[{\"@type\":\"SearchAction\",\"target\":{\"@type\":\"EntryPoint\",\"urlTemplate\":\"https:\\\/\\\/inmondo.pl\\\/?s={search_term_string}\"},\"query-input\":{\"@type\":\"PropertyValueSpecification\",\"valueRequired\":true,\"valueName\":\"search_term_string\"}}],\"inLanguage\":\"de\"}]}<\/script>\n<!-- \/ Yoast SEO plugin. -->","yoast_head_json":{"title":"Breite Kommode 2D - Inmondo","robots":{"index":"index","follow":"follow","max-snippet":"max-snippet:-1","max-image-preview":"max-image-preview:large","max-video-preview":"max-video-preview:-1"},"canonical":"https:\/\/inmondo.pl\/de\/sklep\/elementy\/komody\/kommode-2d-breit\/","og_locale":"de_DE","og_type":"article","og_title":"Komoda 2D szeroka - Inmondo","og_description":"Prosta i praktyczna 2 drzwiowa komoda jest doskona\u0142ym pomys\u0142em na wykorzystanie przestrzeni w pokoju. Komoda mo\u017ce by\u0107 ustawiona pod \u0142\u00f3\u017ckiem podniesionym Minimondo. Idealnie sprawdzi si\u0119 tak\u017ce jako wolnostoj\u0105cy meble.  Ukryj swoje skarby za 2 drzwiczkami i wyeksponuj, te kt\u00f3rymi chcesz si\u0119 pochwali\u0107 na dw\u00f3ch otwartych p\u00f3\u0142kach.  Drzwi komody poruszaj\u0105 si\u0119 na zawiasach z systemem cichego domyku.  Wieniec g\u00f3rny i dolny komody zosta\u0142 wykonany z litego drewna brzozowego.  Sko\u015bne n\u00f3\u017cki dodaj\u0105 lekko\u015bci, natomiast dzi\u0119ki po\u0142\u0105czeniu ich ramiakami uzyskano dodatkow\u0105 stabilno\u015b\u0107 konstrukcji.  &nbsp;","og_url":"https:\/\/inmondo.pl\/de\/sklep\/elementy\/komody\/kommode-2d-breit\/","og_site_name":"Inmondo","article_modified_time":"2026-03-24T09:40:42+00:00","og_image":[{"width":960,"height":960,"url":"https:\/\/inmondo.pl\/wp-content\/uploads\/2020\/06\/2019_09_INMONDO_PACKSHOTY-19864_small.jpg","type":"image\/jpeg"}],"twitter_card":"summary_large_image","twitter_misc":{"Gesch\u00e4tzte Lesezeit":"3\u00a0Minuten"},"schema":{"@context":"https:\/\/schema.org","@graph":[{"@type":"WebPage","@id":"https:\/\/inmondo.pl\/sklep\/elementy\/komody\/komoda-2d-szeroka\/","url":"https:\/\/inmondo.pl\/sklep\/elementy\/komody\/komoda-2d-szeroka\/","name":"Breite Kommode 2D - Inmondo","isPartOf":{"@id":"https:\/\/inmondo.pl\/#website"},"primaryImageOfPage":{"@id":"https:\/\/inmondo.pl\/sklep\/elementy\/komody\/komoda-2d-szeroka\/#primaryimage"},"image":{"@id":"https:\/\/inmondo.pl\/sklep\/elementy\/komody\/komoda-2d-szeroka\/#primaryimage"},"thumbnailUrl":"https:\/\/inmondo.pl\/wp-content\/uploads\/2020\/06\/2019_09_INMONDO_PACKSHOTY-19864_small.jpg","datePublished":"2020-06-17T13:06:28+00:00","dateModified":"2026-03-24T09:40:42+00:00","breadcrumb":{"@id":"https:\/\/inmondo.pl\/sklep\/elementy\/komody\/komoda-2d-szeroka\/#breadcrumb"},"inLanguage":"de","potentialAction":[{"@type":"ReadAction","target":["https:\/\/inmondo.pl\/sklep\/elementy\/komody\/komoda-2d-szeroka\/"]}]},{"@type":"ImageObject","inLanguage":"de","@id":"https:\/\/inmondo.pl\/sklep\/elementy\/komody\/komoda-2d-szeroka\/#primaryimage","url":"https:\/\/inmondo.pl\/wp-content\/uploads\/2020\/06\/2019_09_INMONDO_PACKSHOTY-19864_small.jpg","contentUrl":"https:\/\/inmondo.pl\/wp-content\/uploads\/2020\/06\/2019_09_INMONDO_PACKSHOTY-19864_small.jpg","width":960,"height":960},{"@type":"BreadcrumbList","@id":"https:\/\/inmondo.pl\/sklep\/elementy\/komody\/komoda-2d-szeroka\/#breadcrumb","itemListElement":[{"@type":"ListItem","position":1,"name":"Strona g\u0142\u00f3wna","item":"https:\/\/inmondo.pl\/"},{"@type":"ListItem","position":2,"name":"Oferta Inmondo: spe\u0142niamy marzenia i wymagania","item":"https:\/\/inmondo.pl\/sklep\/"},{"@type":"ListItem","position":3,"name":"kolekcje","item":"https:\/\/inmondo.pl\/de\/sklep\/kolekcje\/"},{"@type":"ListItem","position":4,"name":"Komoda 2D szeroka"}]},{"@type":"WebSite","@id":"https:\/\/inmondo.pl\/#website","url":"https:\/\/inmondo.pl\/","name":"Inmondo","description":"","potentialAction":[{"@type":"SearchAction","target":{"@type":"EntryPoint","urlTemplate":"https:\/\/inmondo.pl\/?s={search_term_string}"},"query-input":{"@type":"PropertyValueSpecification","valueRequired":true,"valueName":"search_term_string"}}],"inLanguage":"de"}]}},"wcpa_form_fields":null,"_links":{"self":[{"href":"https:\/\/inmondo.pl\/de\/wp-json\/wp\/v2\/product\/1060","targetHints":{"allow":["GET"]}}],"collection":[{"href":"https:\/\/inmondo.pl\/de\/wp-json\/wp\/v2\/product"}],"about":[{"href":"https:\/\/inmondo.pl\/de\/wp-json\/wp\/v2\/types\/product"}],"replies":[{"embeddable":true,"href":"https:\/\/inmondo.pl\/de\/wp-json\/wp\/v2\/comments?post=1060"}],"wp:featuredmedia":[{"embeddable":true,"href":"https:\/\/inmondo.pl\/de\/wp-json\/wp\/v2\/media\/1012"}],"wp:attachment":[{"href":"https:\/\/inmondo.pl\/de\/wp-json\/wp\/v2\/media?parent=1060"}],"wp:term":[{"taxonomy":"product_brand","embeddable":true,"href":"https:\/\/inmondo.pl\/de\/wp-json\/wp\/v2\/product_brand?post=1060"},{"taxonomy":"product_cat","embeddable":true,"href":"https:\/\/inmondo.pl\/de\/wp-json\/wp\/v2\/product_cat?post=1060"},{"taxonomy":"product_tag","embeddable":true,"href":"https:\/\/inmondo.pl\/de\/wp-json\/wp\/v2\/product_tag?post=1060"}],"curies":[{"name":"wp","href":"https:\/\/api.w.org\/{rel}","templated":true}]}}