{"id":1057,"date":"2020-06-17T15:04:43","date_gmt":"2020-06-17T13:04:43","guid":{"rendered":"http:\/\/inmondo.pl\/?post_type=product&#038;p=1057"},"modified":"2026-01-28T14:52:02","modified_gmt":"2026-01-28T13:52:02","slug":"kleiderschrank-2d1s-low","status":"publish","type":"product","link":"https:\/\/inmondo.pl\/de\/sklep\/elementy\/szafy\/kleiderschrank-2d1s-low\/","title":{"rendered":"2D1S niedriger Kleiderschrank"},"content":{"rendered":"<p>H\u00f6chste Qualit\u00e4t ohne Kompromisse, die mit bestem, zeitlosem Design einhergeht. Der Minimondo Kleiderschrank bietet viel Platz f\u00fcr alle Kindersachen. Dank der geringeren H\u00f6he haben Sie leichteren Zugriff auf den gesamten Inhalt des Kleiderschranks.<\/p>\n<p>Der Kleiderschrank ist mit einer Stange und 4 verstellbaren Einlegeb\u00f6den hinter der T\u00fcr ausgestattet, die mit Scharnieren mit D\u00e4mpfungssystem ausgestattet sind.<\/p>\n<p>Unter der T\u00fcr befindet sich eine ger\u00e4umige Schublade mit einer Front aus massivem Birkenholz. Schubladenseiten aus Sperrholz bewegen sich auf unsichtbaren Metallschienen mit einem leisen Schlie\u00dfsystem.<\/p>\n<p>Die schr\u00e4gen Beine sorgen f\u00fcr Leichtigkeit und durch ihre Holmverbindung wird zus\u00e4tzliche Stabilit\u00e4t der Struktur erreicht.<\/p>\n<p>&nbsp;<\/p>","protected":false},"excerpt":{"rendered":"<p>H\u00f6chste Qualit\u00e4t ohne Kompromisse, die mit bestem, zeitlosem Design einhergeht. Der Minimondo Kleiderschrank bietet viel Platz f\u00fcr alle Kindersachen. Dank der geringeren H\u00f6he haben Sie leichteren Zugriff auf den gesamten Inhalt des Kleiderschranks.<\/p>\n<p>Der Kleiderschrank ist mit einer Stange und 4 verstellbaren Einlegeb\u00f6den hinter der T\u00fcr ausgestattet, die mit Scharnieren mit D\u00e4mpfungssystem ausgestattet sind.<\/p>\n<p>Unter der T\u00fcr befindet sich eine ger\u00e4umige Schublade mit einer Front aus massivem Birkenholz. Schubladenseiten aus Sperrholz bewegen sich auf unsichtbaren Metallschienen mit einem leisen Schlie\u00dfsystem.<\/p>\n<p>Die schr\u00e4gen Beine sorgen f\u00fcr Leichtigkeit und durch ihre Holmverbindung wird zus\u00e4tzliche Stabilit\u00e4t der Struktur erreicht.<\/p>\n<h6><\/h6>","protected":false},"featured_media":1017,"comment_status":"open","ping_status":"closed","template":"","meta":{"_acf_changed":true},"product_brand":[],"product_cat":[20,17,19,22],"product_tag":[],"class_list":{"0":"post-1057","1":"product","2":"type-product","3":"status-publish","4":"has-post-thumbnail","6":"product_cat-elementy","7":"product_cat-kolekcje","8":"product_cat-minimondo","9":"product_cat-szafy","11":"first","12":"onbackorder","13":"taxable","14":"shipping-taxable","15":"purchasable","16":"product-type-variable","17":"has-default-attributes"},"acf":{"wymiary":"Szeroko\u015b\u0107: 90 cm<br \/>\r\nWysoko\u015b\u0107: 166 cm<br \/>\r\nG\u0142\u0119boko\u015b\u0107: 50 cm","materialy":"Front drzwi: p\u0142yta MDF, front szuflady: 100% drewno brzozowe, boczki szuflady: sklejka brzozowa, korpus: p\u0142yta MDF, lakier wodny i&nbsp;wodny UV","sections_woocommerce":[{"acf_fc_layout":"section_menu","is_active":true,"repeater":[{"text":"Opis","link":"#opis"},{"text":"Lookbook","link":"#lookbook"},{"text":"Opinie","link":"#opinie"},{"text":"Inne produkty","link":"#inneprodukty"}]},{"acf_fc_layout":"section_woocommerce_text_image","is_active":true,"anchor":"opis","text_align":"textAlign--left","grid_width":"main","wysiwyg":"<h2>Minimondo nieograniczone mo\u017cliwo\u015bci.<\/h2>\n<p>Szeroki wyb\u00f3r element\u00f3w z\u00a0kolekcji Minimondo pozwoli zaaran\u017cowa\u0107 ka\u017cd\u0105 przestrze\u0144 zgodnie z\u00a0Twoimi potrzebami i\u00a0upodobaniami. Zapomnij o\u00a0problemach z\u00a0brakiem miejsca na\u00a0przechowywanie Twoich skarb\u00f3w. Ksi\u0105\u017cki, ubrania zabawki \u2013 od teraz na\u00a0wszystko znajdziesz swoje miejsce. Je\u015bli w\u00a0pokoju brakuje Ci miejsca meble mo\u017cesz postawi\u0107 pod\u00a0\u0142\u00f3\u017ckiem uzyskuj\u0105c przestrze\u0144 do\u00a0przechowywania bez po\u015bwi\u0119cania miejsca w\u00a0pokoju.<\/p>\n","image":"https:\/\/inmondo.pl\/wp-content\/uploads\/2020\/08\/2019_04_INMONDO_POK\u00d3J_CH\u0141OPC\u00d3W_1-119391920.jpg"},{"acf_fc_layout":"section_woocommerce_text_image","is_active":true,"anchor":"","text_align":"textAlign--right","grid_width":"main","wysiwyg":"<p>Tworz\u0105c nasze meble my\u015blimy nie tylko o\u00a0funkcjonalno\u015bci, ale\u00a0tak\u017ce o\u00a0bezpiecze\u0144stwie i\u00a0komforcie Twojego dziecka. Dlatego\u00a0wszystkie nasze meble s\u0105 lakierowane ekologicznymi farbami wodnymi. <strong>Zawiasy i\u00a0prowadnice posiadaj\u0105 system cichego domyku.<\/strong><\/p>\n<p>Komoda zosta\u0142a polakierowana przyjaznymi dla dziecka i \u015brodowiska lakierami, a drewno, z kt\u00f3rego jest wykonana pochodzi z certyfikowanych, dobrze zarz\u0105dzanych las\u00f3w.<\/p>\n","image":"https:\/\/inmondo.pl\/wp-content\/uploads\/2020\/07\/2019_04_INMONDO_POK\u00d3J_DZIEWCZYNKI_1-114031920.jpg"},{"acf_fc_layout":"section_woocommerce_lookbook","is_active":true,"anchor":"lookbook","header":"<h2 style=\"text-align: center;\">Zobacz galeri\u0119 Minimondo:<\/h2>\n<p style=\"text-align: center;\">Minimalistyczny lookbook prosto od naszych projektant\u00f3w. Ogl\u0105daj, inspiruj si\u0119, a\u00a0je\u015bli masz pomys\u0142y lub\u00a0pytania \u2014 od razu dzwo\u0144!<\/p>\n","repeater":[{"shortcode":"[woocommerce_lookbook id=\"1242\"]"},{"shortcode":"[woocommerce_lookbook id=\"1282\"]"},{"shortcode":"[woocommerce_lookbook id=\"337\"]"}]},{"acf_fc_layout":"section_woocommerce_opinions","is_active":true,"anchor":"opinie"},{"acf_fc_layout":"section_woocommerce_otherFromCategory","is_active":true,"anchor":"inneprodukty"}],"czas_realizacji":""},"yoast_head":"<!-- This site is optimized with the Yoast SEO plugin v27.3 - https:\/\/yoast.com\/product\/yoast-seo-wordpress\/ -->\n<title>Szafa 2D1S niska - Inmondo<\/title>\n<meta name=\"robots\" content=\"index, follow, max-snippet:-1, max-image-preview:large, max-video-preview:-1\" \/>\n<link rel=\"canonical\" href=\"http:\/\/inmondo.pl\/de\/sklep\/elementy\/szafy\/kleiderschrank-2d1s-low\/\" \/>\n<meta property=\"og:locale\" content=\"de_DE\" \/>\n<meta property=\"og:type\" content=\"article\" \/>\n<meta property=\"og:title\" content=\"Szafa 2D1S niska - Inmondo\" \/>\n<meta property=\"og:description\" content=\"Najwy\u017csza jako\u015b\u0107 bez kompromis\u00f3w, kt\u00f3ra idzie r\u0119ka w r\u0119k\u0119 z najlepszym, ponadczasowym wzornictwem. Szafa Minimondo zapewni mn\u00f3stwo miejsca na wszystkie rzeczy dzieci. Dzi\u0119ki mniejszej wysoko\u015bci b\u0119dziesz mie\u0107 \u0142atwiejszy dost\u0119p do ca\u0142ej zawarto\u015bci szafy.  Szafa jest wyposa\u017cona w dr\u0105\u017cek oraz 4 regulowane p\u00f3\u0142ki ukryte za drzwiami wyposa\u017conymi w zawiasy z systemem cichego domyku.  Poni\u017cej drzwi znajduje si\u0119 pojemna szuflada, kt\u00f3rej front zosta\u0142 wykonany z litego drewna brzozowego. Wykonane ze sklejki boczki szuflady poruszaj\u0105 si\u0119 na niewidocznych metalowych prowadnicach z systemem cichego domyku.  Sko\u015bne n\u00f3\u017cki dodaj\u0105 lekko\u015bci, natomiast dzi\u0119ki po\u0142\u0105czeniu ich ramiakami uzyskano dodatkow\u0105 stabilno\u015b\u0107 konstrukcji.\" \/>\n<meta property=\"og:url\" content=\"http:\/\/inmondo.pl\/de\/sklep\/elementy\/szafy\/kleiderschrank-2d1s-low\/\" \/>\n<meta property=\"og:site_name\" content=\"Inmondo\" \/>\n<meta property=\"article:modified_time\" content=\"2026-01-28T13:52:02+00:00\" \/>\n<meta property=\"og:image\" content=\"http:\/\/inmondo.pl\/wp-content\/uploads\/2020\/06\/2019_09_INMONDO_PACKSHOTY-19887_small.jpg\" \/>\n\t<meta property=\"og:image:width\" content=\"960\" \/>\n\t<meta property=\"og:image:height\" content=\"960\" \/>\n\t<meta property=\"og:image:type\" content=\"image\/jpeg\" \/>\n<meta name=\"twitter:card\" content=\"summary_large_image\" \/>\n<meta name=\"twitter:label1\" content=\"Gesch\u00e4tzte Lesezeit\" \/>\n\t<meta name=\"twitter:data1\" content=\"3\u00a0Minuten\" \/>\n<script type=\"application\/ld+json\" class=\"yoast-schema-graph\">{\"@context\":\"https:\\\/\\\/schema.org\",\"@graph\":[{\"@type\":\"WebPage\",\"@id\":\"http:\\\/\\\/inmondo.pl\\\/sklep\\\/elementy\\\/szafy\\\/szafa-2d1s-niska\\\/\",\"url\":\"http:\\\/\\\/inmondo.pl\\\/sklep\\\/elementy\\\/szafy\\\/szafa-2d1s-niska\\\/\",\"name\":\"Szafa 2D1S niska - Inmondo\",\"isPartOf\":{\"@id\":\"https:\\\/\\\/inmondo.pl\\\/#website\"},\"primaryImageOfPage\":{\"@id\":\"http:\\\/\\\/inmondo.pl\\\/sklep\\\/elementy\\\/szafy\\\/szafa-2d1s-niska\\\/#primaryimage\"},\"image\":{\"@id\":\"http:\\\/\\\/inmondo.pl\\\/sklep\\\/elementy\\\/szafy\\\/szafa-2d1s-niska\\\/#primaryimage\"},\"thumbnailUrl\":\"https:\\\/\\\/inmondo.pl\\\/wp-content\\\/uploads\\\/2020\\\/06\\\/2019_09_INMONDO_PACKSHOTY-19887_small.jpg\",\"datePublished\":\"2020-06-17T13:04:43+00:00\",\"dateModified\":\"2026-01-28T13:52:02+00:00\",\"breadcrumb\":{\"@id\":\"http:\\\/\\\/inmondo.pl\\\/sklep\\\/elementy\\\/szafy\\\/szafa-2d1s-niska\\\/#breadcrumb\"},\"inLanguage\":\"de\",\"potentialAction\":[{\"@type\":\"ReadAction\",\"target\":[\"http:\\\/\\\/inmondo.pl\\\/sklep\\\/elementy\\\/szafy\\\/szafa-2d1s-niska\\\/\"]}]},{\"@type\":\"ImageObject\",\"inLanguage\":\"de\",\"@id\":\"http:\\\/\\\/inmondo.pl\\\/sklep\\\/elementy\\\/szafy\\\/szafa-2d1s-niska\\\/#primaryimage\",\"url\":\"https:\\\/\\\/inmondo.pl\\\/wp-content\\\/uploads\\\/2020\\\/06\\\/2019_09_INMONDO_PACKSHOTY-19887_small.jpg\",\"contentUrl\":\"https:\\\/\\\/inmondo.pl\\\/wp-content\\\/uploads\\\/2020\\\/06\\\/2019_09_INMONDO_PACKSHOTY-19887_small.jpg\",\"width\":960,\"height\":960},{\"@type\":\"BreadcrumbList\",\"@id\":\"http:\\\/\\\/inmondo.pl\\\/sklep\\\/elementy\\\/szafy\\\/szafa-2d1s-niska\\\/#breadcrumb\",\"itemListElement\":[{\"@type\":\"ListItem\",\"position\":1,\"name\":\"Strona g\u0142\u00f3wna\",\"item\":\"https:\\\/\\\/inmondo.pl\\\/\"},{\"@type\":\"ListItem\",\"position\":2,\"name\":\"Oferta Inmondo: spe\u0142niamy marzenia i wymagania\",\"item\":\"https:\\\/\\\/inmondo.pl\\\/sklep\\\/\"},{\"@type\":\"ListItem\",\"position\":3,\"name\":\"kolekcje\",\"item\":\"https:\\\/\\\/inmondo.pl\\\/de\\\/sklep\\\/kolekcje\\\/\"},{\"@type\":\"ListItem\",\"position\":4,\"name\":\"Szafa 2D1S niska\"}]},{\"@type\":\"WebSite\",\"@id\":\"https:\\\/\\\/inmondo.pl\\\/#website\",\"url\":\"https:\\\/\\\/inmondo.pl\\\/\",\"name\":\"Inmondo\",\"description\":\"\",\"potentialAction\":[{\"@type\":\"SearchAction\",\"target\":{\"@type\":\"EntryPoint\",\"urlTemplate\":\"https:\\\/\\\/inmondo.pl\\\/?s={search_term_string}\"},\"query-input\":{\"@type\":\"PropertyValueSpecification\",\"valueRequired\":true,\"valueName\":\"search_term_string\"}}],\"inLanguage\":\"de\"}]}<\/script>\n<!-- \/ Yoast SEO plugin. -->","yoast_head_json":{"title":"Kleiderschrank 2D1S niedrig - Inmondo","robots":{"index":"index","follow":"follow","max-snippet":"max-snippet:-1","max-image-preview":"max-image-preview:large","max-video-preview":"max-video-preview:-1"},"canonical":"http:\/\/inmondo.pl\/de\/sklep\/elementy\/szafy\/kleiderschrank-2d1s-low\/","og_locale":"de_DE","og_type":"article","og_title":"Szafa 2D1S niska - Inmondo","og_description":"Najwy\u017csza jako\u015b\u0107 bez kompromis\u00f3w, kt\u00f3ra idzie r\u0119ka w r\u0119k\u0119 z najlepszym, ponadczasowym wzornictwem. Szafa Minimondo zapewni mn\u00f3stwo miejsca na wszystkie rzeczy dzieci. Dzi\u0119ki mniejszej wysoko\u015bci b\u0119dziesz mie\u0107 \u0142atwiejszy dost\u0119p do ca\u0142ej zawarto\u015bci szafy.  Szafa jest wyposa\u017cona w dr\u0105\u017cek oraz 4 regulowane p\u00f3\u0142ki ukryte za drzwiami wyposa\u017conymi w zawiasy z systemem cichego domyku.  Poni\u017cej drzwi znajduje si\u0119 pojemna szuflada, kt\u00f3rej front zosta\u0142 wykonany z litego drewna brzozowego. Wykonane ze sklejki boczki szuflady poruszaj\u0105 si\u0119 na niewidocznych metalowych prowadnicach z systemem cichego domyku.  Sko\u015bne n\u00f3\u017cki dodaj\u0105 lekko\u015bci, natomiast dzi\u0119ki po\u0142\u0105czeniu ich ramiakami uzyskano dodatkow\u0105 stabilno\u015b\u0107 konstrukcji.","og_url":"http:\/\/inmondo.pl\/de\/sklep\/elementy\/szafy\/kleiderschrank-2d1s-low\/","og_site_name":"Inmondo","article_modified_time":"2026-01-28T13:52:02+00:00","og_image":[{"width":960,"height":960,"url":"http:\/\/inmondo.pl\/wp-content\/uploads\/2020\/06\/2019_09_INMONDO_PACKSHOTY-19887_small.jpg","type":"image\/jpeg"}],"twitter_card":"summary_large_image","twitter_misc":{"Gesch\u00e4tzte Lesezeit":"3\u00a0Minuten"},"schema":{"@context":"https:\/\/schema.org","@graph":[{"@type":"WebPage","@id":"http:\/\/inmondo.pl\/sklep\/elementy\/szafy\/szafa-2d1s-niska\/","url":"http:\/\/inmondo.pl\/sklep\/elementy\/szafy\/szafa-2d1s-niska\/","name":"Kleiderschrank 2D1S niedrig - Inmondo","isPartOf":{"@id":"https:\/\/inmondo.pl\/#website"},"primaryImageOfPage":{"@id":"http:\/\/inmondo.pl\/sklep\/elementy\/szafy\/szafa-2d1s-niska\/#primaryimage"},"image":{"@id":"http:\/\/inmondo.pl\/sklep\/elementy\/szafy\/szafa-2d1s-niska\/#primaryimage"},"thumbnailUrl":"https:\/\/inmondo.pl\/wp-content\/uploads\/2020\/06\/2019_09_INMONDO_PACKSHOTY-19887_small.jpg","datePublished":"2020-06-17T13:04:43+00:00","dateModified":"2026-01-28T13:52:02+00:00","breadcrumb":{"@id":"http:\/\/inmondo.pl\/sklep\/elementy\/szafy\/szafa-2d1s-niska\/#breadcrumb"},"inLanguage":"de","potentialAction":[{"@type":"ReadAction","target":["http:\/\/inmondo.pl\/sklep\/elementy\/szafy\/szafa-2d1s-niska\/"]}]},{"@type":"ImageObject","inLanguage":"de","@id":"http:\/\/inmondo.pl\/sklep\/elementy\/szafy\/szafa-2d1s-niska\/#primaryimage","url":"https:\/\/inmondo.pl\/wp-content\/uploads\/2020\/06\/2019_09_INMONDO_PACKSHOTY-19887_small.jpg","contentUrl":"https:\/\/inmondo.pl\/wp-content\/uploads\/2020\/06\/2019_09_INMONDO_PACKSHOTY-19887_small.jpg","width":960,"height":960},{"@type":"BreadcrumbList","@id":"http:\/\/inmondo.pl\/sklep\/elementy\/szafy\/szafa-2d1s-niska\/#breadcrumb","itemListElement":[{"@type":"ListItem","position":1,"name":"Strona g\u0142\u00f3wna","item":"https:\/\/inmondo.pl\/"},{"@type":"ListItem","position":2,"name":"Oferta Inmondo: spe\u0142niamy marzenia i wymagania","item":"https:\/\/inmondo.pl\/sklep\/"},{"@type":"ListItem","position":3,"name":"kolekcje","item":"https:\/\/inmondo.pl\/de\/sklep\/kolekcje\/"},{"@type":"ListItem","position":4,"name":"Szafa 2D1S niska"}]},{"@type":"WebSite","@id":"https:\/\/inmondo.pl\/#website","url":"https:\/\/inmondo.pl\/","name":"Inmondo","description":"","potentialAction":[{"@type":"SearchAction","target":{"@type":"EntryPoint","urlTemplate":"https:\/\/inmondo.pl\/?s={search_term_string}"},"query-input":{"@type":"PropertyValueSpecification","valueRequired":true,"valueName":"search_term_string"}}],"inLanguage":"de"}]}},"wcpa_form_fields":null,"_links":{"self":[{"href":"https:\/\/inmondo.pl\/de\/wp-json\/wp\/v2\/product\/1057","targetHints":{"allow":["GET"]}}],"collection":[{"href":"https:\/\/inmondo.pl\/de\/wp-json\/wp\/v2\/product"}],"about":[{"href":"https:\/\/inmondo.pl\/de\/wp-json\/wp\/v2\/types\/product"}],"replies":[{"embeddable":true,"href":"https:\/\/inmondo.pl\/de\/wp-json\/wp\/v2\/comments?post=1057"}],"wp:featuredmedia":[{"embeddable":true,"href":"https:\/\/inmondo.pl\/de\/wp-json\/wp\/v2\/media\/1017"}],"wp:attachment":[{"href":"https:\/\/inmondo.pl\/de\/wp-json\/wp\/v2\/media?parent=1057"}],"wp:term":[{"taxonomy":"product_brand","embeddable":true,"href":"https:\/\/inmondo.pl\/de\/wp-json\/wp\/v2\/product_brand?post=1057"},{"taxonomy":"product_cat","embeddable":true,"href":"https:\/\/inmondo.pl\/de\/wp-json\/wp\/v2\/product_cat?post=1057"},{"taxonomy":"product_tag","embeddable":true,"href":"https:\/\/inmondo.pl\/de\/wp-json\/wp\/v2\/product_tag?post=1057"}],"curies":[{"name":"wp","href":"https:\/\/api.w.org\/{rel}","templated":true}]}}