{"id":1047,"date":"2020-06-17T14:51:51","date_gmt":"2020-06-17T12:51:51","guid":{"rendered":"http:\/\/inmondo.pl\/?post_type=product&#038;p=1047"},"modified":"2026-04-08T14:46:33","modified_gmt":"2026-04-08T12:46:33","slug":"kinderbett-3s-bett-3s-junior-140","status":"publish","type":"product","link":"https:\/\/inmondo.pl\/de\/sklep\/elementy\/lozka-niemowlece\/kinderbett-3s-bett-3s-junior-140\/","title":{"rendered":"3S Kinderbett"},"content":{"rendered":"<p>Ein Kinderbett, das sch\u00f6n und funktional ist. Es ist f\u00fcr viele Jahre ausgelegt. Wenn das Baby \u00e4lter wird, kann das Kinderbett in ein <a href=\"https:\/\/inmondo.pl\/de\/sklep\/kolekcje\/von-oben-auf-die-couch\/\"><u>Couch<\/u><\/a>Erm\u00f6glichen Sie Ihrem Kind einen einfachen Zugang.<\/p>\n<p>Wir haben 3 praktische und ger\u00e4umige Schubladen unter dem Kinderbett gefunden, die alles unterbringen, was Sie in den ersten Lebenstagen und in den folgenden Jahren brauchen. Sie laufen auf verdeckten Metallschienen mit Soft-Close-System.<\/p>\n<p>&nbsp;<\/p>","protected":false},"excerpt":{"rendered":"<p>Ein Kinderbett, das sch\u00f6n und funktional ist. Es ist f\u00fcr viele Jahre ausgelegt. Wenn das Baby \u00e4lter wird, kann das Kinderbett in ein <a href=\"https:\/\/inmondo.pl\/de\/sklep\/kolekcje\/von-oben-auf-die-couch\/\"><u>Couch<\/u><\/a>Erm\u00f6glichen Sie Ihrem Kind einen einfachen Zugang.<\/p>\n<p>Wir haben 3 praktische und ger\u00e4umige Schubladen unter dem Kinderbett gefunden, die alles unterbringen, was Sie in den ersten Lebenstagen und in den folgenden Jahren brauchen. Sie laufen auf verdeckten Metallschienen mit Soft-Close-System.<\/p>\n<h6><\/h6>","protected":false},"featured_media":1014,"comment_status":"open","ping_status":"closed","template":"","meta":{"_acf_changed":false},"product_brand":[],"product_cat":[20,17,171,99,19],"product_tag":[],"class_list":{"0":"post-1047","1":"product","2":"type-product","3":"status-publish","4":"has-post-thumbnail","6":"product_cat-elementy","7":"product_cat-kolekcje","8":"product_cat-lozka-niemowlece","9":"product_cat-meble-dostepne","10":"product_cat-minimondo","12":"first","13":"onbackorder","14":"sale","15":"taxable","16":"shipping-taxable","17":"purchasable","18":"product-type-variable","19":"has-default-attributes"},"acf":{"wymiary":"Szeroko\u015b\u0107: 144 cm<br \/>\r\nWysoko\u015b\u0107: 102,5 cm<br \/>\r\nG\u0142\u0119boko\u015b\u0107: 74 cm","materialy":"drewno brzozowe, p\u0142yta MDF, lakier wodny i&nbsp;wodny UV","sections_woocommerce":[{"acf_fc_layout":"section_menu","is_active":true,"repeater":[{"text":"Opis","link":"#opis"},{"text":"Lookbook","link":"#lookbook"},{"text":"Opinie","link":"#opinie"},{"text":"Inne produkty","link":"#inneprodukty"}]},{"acf_fc_layout":"section_woocommerce_text_image","is_active":true,"anchor":"opis","text_align":"textAlign--left","grid_width":"main","wysiwyg":"<h2>Minimondo nieograniczone mo\u017cliwo\u015bci.<\/h2>\n<p>Szeroki wyb\u00f3r element\u00f3w z\u00a0kolekcji Minimondo pozwoli zaaran\u017cowa\u0107 ka\u017cd\u0105 przestrze\u0144 zgodnie z\u00a0Twoimi potrzebami i\u00a0upodobaniami. Zapomnij o\u00a0problemach z\u00a0brakiem miejsca na\u00a0przechowywanie Twoich skarb\u00f3w. Ksi\u0105\u017cki, ubrania zabawki \u2013 od teraz na\u00a0wszystko znajdziesz swoje miejsce. Je\u015bli w\u00a0pokoju brakuje Ci miejsca meble mo\u017cesz postawi\u0107 pod\u00a0\u0142\u00f3\u017ckiem uzyskuj\u0105c przestrze\u0144 do\u00a0przechowywania bez po\u015bwi\u0119cania miejsca w\u00a0pokoju.<\/p>\n","image":"https:\/\/inmondo.pl\/wp-content\/uploads\/2020\/07\/2019_05_INMONDO_POK\u00d3J_BABY_2-15325-1920.jpg"},{"acf_fc_layout":"section_woocommerce_text_image","is_active":true,"anchor":"","text_align":"textAlign--right","grid_width":"main","wysiwyg":"<p>Tworz\u0105c nasze meble my\u015blimy nie tylko o\u00a0funkcjonalno\u015bci, ale\u00a0tak\u017ce o\u00a0bezpiecze\u0144stwie i\u00a0komforcie Twojego dziecka. Dlatego\u00a0wszystkie nasze meble s\u0105 lakierowane ekologicznymi farbami wodnymi. Zawiasy i\u00a0prowadnice posiadaj\u0105 system cichego domyku.<\/p>\n<p>\u0141\u00f3\u017ceczko zosta\u0142o polakierowane przyjaznymi dla\u00a0dziecka i\u00a0\u015brodowiska lakierami, a\u00a0drewno, z\u00a0kt\u00f3rego jest wykonane pochodzi z\u00a0certyfikowanych, dobrze zarz\u0105dzanych las\u00f3w.<\/p>\n","image":"https:\/\/inmondo.pl\/wp-content\/uploads\/2020\/06\/2019_05_INMONDO_POK\u00d3J_BABY_2-15392-scaled-e1595510897998.jpg"},{"acf_fc_layout":"section_woocommerce_lookbook","is_active":true,"anchor":"lookbook","header":"<h2 style=\"text-align: center;\">Zobacz galeri\u0119 Minimondo:<\/h2>\n<p style=\"text-align: center;\">Minimalistyczny lookbook prosto od naszych projektant\u00f3w. Ogl\u0105daj, inspiruj si\u0119, a\u00a0je\u015bli masz pomys\u0142y lub\u00a0pytania \u2014 od razu dzwo\u0144!<\/p>\n","repeater":[{"shortcode":"[woocommerce_lookbook id=\"1284\"]"},{"shortcode":"[woocommerce_lookbook id=\"1571\"]"},{"shortcode":"[woocommerce_lookbook id=\"1747\"]"},{"shortcode":"[woocommerce_lookbook id=\"1283\"]"}]},{"acf_fc_layout":"section_woocommerce_opinions","is_active":true,"anchor":"opinie"},{"acf_fc_layout":"section_woocommerce_otherFromCategory","is_active":true,"anchor":"inneprodukty"}],"czas_realizacji":"Czas wysy\u0142ki z magazynu: 48 godzin.<br \/>\r\nJe\u017celi brak w magazynie, czas realizacji 6-8 tygodni"},"yoast_head":"<!-- This site is optimized with the Yoast SEO plugin v27.3 - https:\/\/yoast.com\/product\/yoast-seo-wordpress\/ -->\n<title>\u0141\u00f3\u017ceczko 3S - Inmondo<\/title>\n<meta name=\"description\" content=\"Szukasz \u0142\u00f3\u017ceczka do pokoju niemowlaka? Wybierz stylowe drewniane \u0142\u00f3\u017ceczko 3S dla noworodka, z pojemnymi szufladami i mo\u017cliwo\u015bci\u0105 przekszta\u0142cenia w wygodny tapczan.\" \/>\n<meta name=\"robots\" content=\"index, follow, max-snippet:-1, max-image-preview:large, max-video-preview:-1\" \/>\n<link rel=\"canonical\" href=\"https:\/\/inmondo.pl\/de\/sklep\/elementy\/lozka-niemowlece\/kinderbett-3s-bett-3s-junior-140\/\" \/>\n<meta property=\"og:locale\" content=\"de_DE\" \/>\n<meta property=\"og:type\" content=\"article\" \/>\n<meta property=\"og:title\" content=\"\u0141\u00f3\u017ceczko 3S - Inmondo\" \/>\n<meta property=\"og:description\" content=\"Szukasz \u0142\u00f3\u017ceczka do pokoju niemowlaka? Wybierz stylowe drewniane \u0142\u00f3\u017ceczko 3S dla noworodka, z pojemnymi szufladami i mo\u017cliwo\u015bci\u0105 przekszta\u0142cenia w wygodny tapczan.\" \/>\n<meta property=\"og:url\" content=\"https:\/\/inmondo.pl\/de\/sklep\/elementy\/lozka-niemowlece\/kinderbett-3s-bett-3s-junior-140\/\" \/>\n<meta property=\"og:site_name\" content=\"Inmondo\" \/>\n<meta property=\"article:modified_time\" content=\"2026-04-08T12:46:33+00:00\" \/>\n<meta property=\"og:image\" content=\"https:\/\/inmondo.pl\/wp-content\/uploads\/2020\/06\/2019_09_INMONDO_PACKSHOTY-19868_small.jpg\" \/>\n\t<meta property=\"og:image:width\" content=\"960\" \/>\n\t<meta property=\"og:image:height\" content=\"960\" \/>\n\t<meta property=\"og:image:type\" content=\"image\/jpeg\" \/>\n<meta name=\"twitter:card\" content=\"summary_large_image\" \/>\n<meta name=\"twitter:label1\" content=\"Gesch\u00e4tzte Lesezeit\" \/>\n\t<meta name=\"twitter:data1\" content=\"3\u00a0Minuten\" \/>\n<script type=\"application\/ld+json\" class=\"yoast-schema-graph\">{\"@context\":\"https:\\\/\\\/schema.org\",\"@graph\":[{\"@type\":\"WebPage\",\"@id\":\"https:\\\/\\\/inmondo.pl\\\/en\\\/sklep\\\/elementy\\\/lozka-niemowlece\\\/lozeczko-3s-lozko-3s-junior-140\\\/\",\"url\":\"https:\\\/\\\/inmondo.pl\\\/en\\\/sklep\\\/elementy\\\/lozka-niemowlece\\\/lozeczko-3s-lozko-3s-junior-140\\\/\",\"name\":\"\u0141\u00f3\u017ceczko 3S - Inmondo\",\"isPartOf\":{\"@id\":\"https:\\\/\\\/inmondo.pl\\\/#website\"},\"primaryImageOfPage\":{\"@id\":\"https:\\\/\\\/inmondo.pl\\\/en\\\/sklep\\\/elementy\\\/lozka-niemowlece\\\/lozeczko-3s-lozko-3s-junior-140\\\/#primaryimage\"},\"image\":{\"@id\":\"https:\\\/\\\/inmondo.pl\\\/en\\\/sklep\\\/elementy\\\/lozka-niemowlece\\\/lozeczko-3s-lozko-3s-junior-140\\\/#primaryimage\"},\"thumbnailUrl\":\"https:\\\/\\\/inmondo.pl\\\/wp-content\\\/uploads\\\/2020\\\/06\\\/2019_09_INMONDO_PACKSHOTY-19868_small.jpg\",\"datePublished\":\"2020-06-17T12:51:51+00:00\",\"dateModified\":\"2026-04-08T12:46:33+00:00\",\"description\":\"Szukasz \u0142\u00f3\u017ceczka do pokoju niemowlaka? Wybierz stylowe drewniane \u0142\u00f3\u017ceczko 3S dla noworodka, z pojemnymi szufladami i mo\u017cliwo\u015bci\u0105 przekszta\u0142cenia w wygodny tapczan.\",\"breadcrumb\":{\"@id\":\"https:\\\/\\\/inmondo.pl\\\/en\\\/sklep\\\/elementy\\\/lozka-niemowlece\\\/lozeczko-3s-lozko-3s-junior-140\\\/#breadcrumb\"},\"inLanguage\":\"de\",\"potentialAction\":[{\"@type\":\"ReadAction\",\"target\":[\"https:\\\/\\\/inmondo.pl\\\/en\\\/sklep\\\/elementy\\\/lozka-niemowlece\\\/lozeczko-3s-lozko-3s-junior-140\\\/\"]}]},{\"@type\":\"ImageObject\",\"inLanguage\":\"de\",\"@id\":\"https:\\\/\\\/inmondo.pl\\\/en\\\/sklep\\\/elementy\\\/lozka-niemowlece\\\/lozeczko-3s-lozko-3s-junior-140\\\/#primaryimage\",\"url\":\"https:\\\/\\\/inmondo.pl\\\/wp-content\\\/uploads\\\/2020\\\/06\\\/2019_09_INMONDO_PACKSHOTY-19868_small.jpg\",\"contentUrl\":\"https:\\\/\\\/inmondo.pl\\\/wp-content\\\/uploads\\\/2020\\\/06\\\/2019_09_INMONDO_PACKSHOTY-19868_small.jpg\",\"width\":960,\"height\":960},{\"@type\":\"BreadcrumbList\",\"@id\":\"https:\\\/\\\/inmondo.pl\\\/en\\\/sklep\\\/elementy\\\/lozka-niemowlece\\\/lozeczko-3s-lozko-3s-junior-140\\\/#breadcrumb\",\"itemListElement\":[{\"@type\":\"ListItem\",\"position\":1,\"name\":\"Strona g\u0142\u00f3wna\",\"item\":\"https:\\\/\\\/inmondo.pl\\\/\"},{\"@type\":\"ListItem\",\"position\":2,\"name\":\"Oferta Inmondo: spe\u0142niamy marzenia i wymagania\",\"item\":\"https:\\\/\\\/inmondo.pl\\\/sklep\\\/\"},{\"@type\":\"ListItem\",\"position\":3,\"name\":\"kolekcje\",\"item\":\"https:\\\/\\\/inmondo.pl\\\/de\\\/sklep\\\/kolekcje\\\/\"},{\"@type\":\"ListItem\",\"position\":4,\"name\":\"\u0141\u00f3\u017ceczko 3S\"}]},{\"@type\":\"WebSite\",\"@id\":\"https:\\\/\\\/inmondo.pl\\\/#website\",\"url\":\"https:\\\/\\\/inmondo.pl\\\/\",\"name\":\"Inmondo\",\"description\":\"\",\"potentialAction\":[{\"@type\":\"SearchAction\",\"target\":{\"@type\":\"EntryPoint\",\"urlTemplate\":\"https:\\\/\\\/inmondo.pl\\\/?s={search_term_string}\"},\"query-input\":{\"@type\":\"PropertyValueSpecification\",\"valueRequired\":true,\"valueName\":\"search_term_string\"}}],\"inLanguage\":\"de\"}]}<\/script>\n<!-- \/ Yoast SEO plugin. -->","yoast_head_json":{"title":"Kinderbett 3S - Inmondo","description":"Suchen Sie ein Kinderbett f\u00fcr ein Babyzimmer? W\u00e4hlen Sie ein stilvolles 3S-Kinderbett aus Holz f\u00fcr ein Neugeborenes mit ger\u00e4umigen Schubladen und der M\u00f6glichkeit, sich in eine bequeme Couch zu verwandeln.","robots":{"index":"index","follow":"follow","max-snippet":"max-snippet:-1","max-image-preview":"max-image-preview:large","max-video-preview":"max-video-preview:-1"},"canonical":"https:\/\/inmondo.pl\/de\/sklep\/elementy\/lozka-niemowlece\/kinderbett-3s-bett-3s-junior-140\/","og_locale":"de_DE","og_type":"article","og_title":"\u0141\u00f3\u017ceczko 3S - Inmondo","og_description":"Szukasz \u0142\u00f3\u017ceczka do pokoju niemowlaka? Wybierz stylowe drewniane \u0142\u00f3\u017ceczko 3S dla noworodka, z pojemnymi szufladami i mo\u017cliwo\u015bci\u0105 przekszta\u0142cenia w wygodny tapczan.","og_url":"https:\/\/inmondo.pl\/de\/sklep\/elementy\/lozka-niemowlece\/kinderbett-3s-bett-3s-junior-140\/","og_site_name":"Inmondo","article_modified_time":"2026-04-08T12:46:33+00:00","og_image":[{"width":960,"height":960,"url":"https:\/\/inmondo.pl\/wp-content\/uploads\/2020\/06\/2019_09_INMONDO_PACKSHOTY-19868_small.jpg","type":"image\/jpeg"}],"twitter_card":"summary_large_image","twitter_misc":{"Gesch\u00e4tzte Lesezeit":"3\u00a0Minuten"},"schema":{"@context":"https:\/\/schema.org","@graph":[{"@type":"WebPage","@id":"https:\/\/inmondo.pl\/en\/sklep\/elementy\/lozka-niemowlece\/lozeczko-3s-lozko-3s-junior-140\/","url":"https:\/\/inmondo.pl\/en\/sklep\/elementy\/lozka-niemowlece\/lozeczko-3s-lozko-3s-junior-140\/","name":"Kinderbett 3S - Inmondo","isPartOf":{"@id":"https:\/\/inmondo.pl\/#website"},"primaryImageOfPage":{"@id":"https:\/\/inmondo.pl\/en\/sklep\/elementy\/lozka-niemowlece\/lozeczko-3s-lozko-3s-junior-140\/#primaryimage"},"image":{"@id":"https:\/\/inmondo.pl\/en\/sklep\/elementy\/lozka-niemowlece\/lozeczko-3s-lozko-3s-junior-140\/#primaryimage"},"thumbnailUrl":"https:\/\/inmondo.pl\/wp-content\/uploads\/2020\/06\/2019_09_INMONDO_PACKSHOTY-19868_small.jpg","datePublished":"2020-06-17T12:51:51+00:00","dateModified":"2026-04-08T12:46:33+00:00","description":"Suchen Sie ein Kinderbett f\u00fcr ein Babyzimmer? W\u00e4hlen Sie ein stilvolles 3S-Kinderbett aus Holz f\u00fcr ein Neugeborenes mit ger\u00e4umigen Schubladen und der M\u00f6glichkeit, sich in eine bequeme Couch zu verwandeln.","breadcrumb":{"@id":"https:\/\/inmondo.pl\/en\/sklep\/elementy\/lozka-niemowlece\/lozeczko-3s-lozko-3s-junior-140\/#breadcrumb"},"inLanguage":"de","potentialAction":[{"@type":"ReadAction","target":["https:\/\/inmondo.pl\/en\/sklep\/elementy\/lozka-niemowlece\/lozeczko-3s-lozko-3s-junior-140\/"]}]},{"@type":"ImageObject","inLanguage":"de","@id":"https:\/\/inmondo.pl\/en\/sklep\/elementy\/lozka-niemowlece\/lozeczko-3s-lozko-3s-junior-140\/#primaryimage","url":"https:\/\/inmondo.pl\/wp-content\/uploads\/2020\/06\/2019_09_INMONDO_PACKSHOTY-19868_small.jpg","contentUrl":"https:\/\/inmondo.pl\/wp-content\/uploads\/2020\/06\/2019_09_INMONDO_PACKSHOTY-19868_small.jpg","width":960,"height":960},{"@type":"BreadcrumbList","@id":"https:\/\/inmondo.pl\/en\/sklep\/elementy\/lozka-niemowlece\/lozeczko-3s-lozko-3s-junior-140\/#breadcrumb","itemListElement":[{"@type":"ListItem","position":1,"name":"Strona g\u0142\u00f3wna","item":"https:\/\/inmondo.pl\/"},{"@type":"ListItem","position":2,"name":"Oferta Inmondo: spe\u0142niamy marzenia i wymagania","item":"https:\/\/inmondo.pl\/sklep\/"},{"@type":"ListItem","position":3,"name":"kolekcje","item":"https:\/\/inmondo.pl\/de\/sklep\/kolekcje\/"},{"@type":"ListItem","position":4,"name":"\u0141\u00f3\u017ceczko 3S"}]},{"@type":"WebSite","@id":"https:\/\/inmondo.pl\/#website","url":"https:\/\/inmondo.pl\/","name":"Inmondo","description":"","potentialAction":[{"@type":"SearchAction","target":{"@type":"EntryPoint","urlTemplate":"https:\/\/inmondo.pl\/?s={search_term_string}"},"query-input":{"@type":"PropertyValueSpecification","valueRequired":true,"valueName":"search_term_string"}}],"inLanguage":"de"}]}},"wcpa_form_fields":null,"_links":{"self":[{"href":"https:\/\/inmondo.pl\/de\/wp-json\/wp\/v2\/product\/1047","targetHints":{"allow":["GET"]}}],"collection":[{"href":"https:\/\/inmondo.pl\/de\/wp-json\/wp\/v2\/product"}],"about":[{"href":"https:\/\/inmondo.pl\/de\/wp-json\/wp\/v2\/types\/product"}],"replies":[{"embeddable":true,"href":"https:\/\/inmondo.pl\/de\/wp-json\/wp\/v2\/comments?post=1047"}],"wp:featuredmedia":[{"embeddable":true,"href":"https:\/\/inmondo.pl\/de\/wp-json\/wp\/v2\/media\/1014"}],"wp:attachment":[{"href":"https:\/\/inmondo.pl\/de\/wp-json\/wp\/v2\/media?parent=1047"}],"wp:term":[{"taxonomy":"product_brand","embeddable":true,"href":"https:\/\/inmondo.pl\/de\/wp-json\/wp\/v2\/product_brand?post=1047"},{"taxonomy":"product_cat","embeddable":true,"href":"https:\/\/inmondo.pl\/de\/wp-json\/wp\/v2\/product_cat?post=1047"},{"taxonomy":"product_tag","embeddable":true,"href":"https:\/\/inmondo.pl\/de\/wp-json\/wp\/v2\/product_tag?post=1047"}],"curies":[{"name":"wp","href":"https:\/\/api.w.org\/{rel}","templated":true}]}}