{"id":10403,"date":"2025-06-16T12:26:15","date_gmt":"2025-06-16T10:26:15","guid":{"rendered":"https:\/\/inmondo.pl\/?post_type=product&#038;p=10403"},"modified":"2026-04-03T10:16:52","modified_gmt":"2026-04-03T08:16:52","slug":"regal-niski","status":"publish","type":"product","link":"https:\/\/inmondo.pl\/de\/sklep\/elementy\/regaly\/regal-niski\/","title":{"rendered":"Niedriges Regal"},"content":{"rendered":"<p><\/p>\n\n\n\n<p><\/p>\n\n\n\n<p><\/p>","protected":false},"excerpt":{"rendered":"<p>Das niedrige B\u00fccherregal Collet ist eine Kombination aus modernem Design und praktischer Form.   Minimalistisch und im skandinavischen Stil gehalten, passt es perfekt in den Raum eines Kleinkindes oder eines Teenagers. Drei ger\u00e4umige F\u00e4cher sorgen f\u00fcr Ordnung in B\u00fcchern, Spielzeug und Schulsachen.   Die sichere Lackierung auf Wasserbasis und die robusten Materialien (Kiefernholz und MDF) garantieren Langlebigkeit. Eine zeitlose Wahl, die Sie mit anderen M\u00f6beln aus der Collet-Kollektion kombinieren k\u00f6nnen.<\/p>","protected":false},"featured_media":10824,"comment_status":"open","ping_status":"closed","template":"","meta":{"_acf_changed":true},"product_brand":[],"product_cat":[24,20,99,38],"product_tag":[],"class_list":{"0":"post-10403","1":"product","2":"type-product","3":"status-publish","4":"has-post-thumbnail","6":"product_cat-collet","7":"product_cat-elementy","8":"product_cat-meble-dostepne","9":"product_cat-regaly","11":"first","12":"onbackorder","13":"taxable","14":"shipping-taxable","15":"purchasable","16":"product-type-variable","17":"has-default-attributes"},"acf":{"sections_woocommerce":[{"acf_fc_layout":"section_menu","is_active":true,"repeater":[{"text":"Opis","link":"#opis"},{"text":"Lookbook","link":"#lookbook"},{"text":"Opinie","link":"#opinie"},{"text":"Inne z Kolekcji","link":"#inne"}]},{"acf_fc_layout":"section_woocommerce_text_image","is_active":true,"anchor":"opis","text_align":"textAlign--left","grid_width":"main","wysiwyg":"<p>Rega\u0142 niski Collet zosta\u0142 zaprojektowany z my\u015bl\u0105 o realnych potrzebach dzieci i ich rodzic\u00f3w.<\/p>\n<p>Wystarczaj\u0105co pojemny, by pomie\u015bci\u0107 wszystko \u2013 od ksi\u0105\u017ceczek po ulubione zabawki \u2013 zawsze pod r\u0119k\u0105!<\/p>\n","image":"https:\/\/inmondo.pl\/wp-content\/uploads\/2025\/06\/T0A3798.jpeg"},{"acf_fc_layout":"section_woocommerce_text_image","is_active":true,"anchor":"opis","text_align":"textAlign--right","grid_width":"main","wysiwyg":"<p>Zainspirowany estetyk\u0105 skandynawsk\u0105, rega\u0142 Collet wnosi do wn\u0119trza \u015bwie\u017co\u015b\u0107 i spok\u00f3j.<\/p>\n<p>Dzi\u0119ki uniwersalnemu wzornictwu i dopracowanej kolorystyce sprawdzi si\u0119 zar\u00f3wno w pokoju 4-latki, jak i nastolatka.<\/p>\n<p>Prosta forma wspiera rozw\u00f3j dziecka w uporz\u0105dkowanej przestrzeni.<\/p>\n<p>&nbsp;<\/p>\n<p><strong> Kluczowe cechy:<\/strong><\/p>\n<ul>\n<li data-start=\"2914\" data-end=\"2963\">\n<p data-start=\"2916\" data-end=\"2963\">3 pojemne p\u00f3\u0142ki<\/p>\n<\/li>\n<li data-start=\"2964\" data-end=\"3011\">\n<p data-start=\"2966\" data-end=\"3011\">Mo\u017ce s\u0142u\u017cy\u0107 jako przed\u0142u\u017cenie blatu <a href=\"https:\/\/inmondo.pl\/sklep\/elementy\/biurko-dzieciece-z-szufladami-4s\/\"><strong>biurka Collet<\/strong><\/a><\/p>\n<\/li>\n<li data-start=\"3012\" data-end=\"3063\">\n<p data-start=\"3014\" data-end=\"3063\">Bezpieczne wyko\u0144czenie \u2013 lakiery wodne<\/p>\n<\/li>\n<li data-start=\"3064\" data-end=\"3093\">\n<p data-start=\"3066\" data-end=\"3093\">Drewno sosnowe i trwa\u0142y MDF<\/p>\n<\/li>\n<li data-start=\"3094\" data-end=\"3126\">\n<p data-start=\"3096\" data-end=\"3126\">Styl skandynawski, lekka forma<\/p>\n<\/li>\n<\/ul>\n","image":"https:\/\/inmondo.pl\/wp-content\/uploads\/2025\/06\/T0A3947.jpeg"},{"acf_fc_layout":"section_woocommerce_text_image","is_active":true,"anchor":"opis","text_align":"textAlign--left","grid_width":"main","wysiwyg":"<p>Odkryj pe\u0142n\u0105 kolekcj\u0119 Collet i urz\u0105d\u017a pok\u00f3j swojego dziecka w sp\u00f3jnym stylu.<\/p>\n<p><strong><a href=\"https:\/\/inmondo.pl\/sklep\/kolekcje\/collet\/\">Kolekcja Collet<\/a><\/strong> zosta\u0142a stworzona z my\u015bl\u0105 o sp\u00f3jnych i elastycznych aran\u017cacjach.<\/p>\n<p>Rega\u0142 \u015bwietnie komponuje si\u0119 z <a href=\"https:\/\/inmondo.pl\/sklep\/elementy\/biurko-dzieciece-z-szufladami-4s\/\"><strong>biurkiem<\/strong><\/a>, \u0142\u00f3\u017ckiem, szaf\u0105 czy kontenerkiem \u2013 zar\u00f3wno z tej samej linii, jak i innymi produktami Inmondo np. <strong><a href=\"https:\/\/inmondo.pl\/sklep\/kolekcje\/oferta-uzupelniajaca\/lozko-pietrowe-carmela\/\">\u0142\u00f3\u017ckiem Carmela<\/a><\/strong>.<\/p>\n<p>Dzi\u0119ki temu z \u0142atwo\u015bci\u0105 urz\u0105dzisz funkcjonalny pok\u00f3j rosn\u0105cy razem z dzieckiem.<\/p>\n<p>Zr\u00f3b pierwszy krok ku pi\u0119knemu i uporz\u0105dkowanemu wn\u0119trzu!<\/p>\n","image":"https:\/\/inmondo.pl\/wp-content\/uploads\/2025\/06\/T0A3919.jpeg"},{"acf_fc_layout":"section_woocommerce_lookbook","is_active":true,"anchor":"lookbook","header":"","repeater":[{"shortcode":"[woocommerce_lookbook id=\"10334\"]"},{"shortcode":"[woocommerce_lookbook id=\"1365\"]"},{"shortcode":"[woocommerce_lookbook id=\"10330\"]"},{"shortcode":"[woocommerce_lookbook id=\"1360\"]"}]},{"acf_fc_layout":"section_woocommerce_opinions","is_active":true,"anchor":"opinie"},{"acf_fc_layout":"section_woocommerce_otherFromCategory","is_active":true,"anchor":"inne"}],"wymiary":"Wysoko\u015b\u0107: 76 cm<br \/>\r\nSzeroko\u015b\u0107: 40 cm<br \/>\r\nG\u0142\u0119boko\u015b\u0107: 60 cm","materialy":"Materia\u0142y: drewno sosnowe, mdf, lakiery wodne","czas_realizacji":""},"yoast_head":"<!-- This site is optimized with the Yoast SEO plugin v27.3 - https:\/\/yoast.com\/product\/yoast-seo-wordpress\/ -->\n<title>Rega\u0142 niski - Inmondo<\/title>\n<meta name=\"description\" content=\"Rega\u0142 niski do pokoju dzieci\u0119cego. Minimalistyczny, drewniany, bezpieczny, idealny do pokoju dziecka lub nastolatka. Skandynawski styl.\" \/>\n<meta name=\"robots\" content=\"index, follow, max-snippet:-1, max-image-preview:large, max-video-preview:-1\" \/>\n<link rel=\"canonical\" href=\"https:\/\/inmondo.pl\/de\/sklep\/elementy\/regaly\/regal-niski\/\" \/>\n<meta property=\"og:locale\" content=\"de_DE\" \/>\n<meta property=\"og:type\" content=\"article\" \/>\n<meta property=\"og:title\" content=\"Rega\u0142 niski - Inmondo\" \/>\n<meta property=\"og:description\" content=\"Rega\u0142 niski do pokoju dzieci\u0119cego. Minimalistyczny, drewniany, bezpieczny, idealny do pokoju dziecka lub nastolatka. Skandynawski styl.\" \/>\n<meta property=\"og:url\" content=\"https:\/\/inmondo.pl\/de\/sklep\/elementy\/regaly\/regal-niski\/\" \/>\n<meta property=\"og:site_name\" content=\"Inmondo\" \/>\n<meta property=\"article:modified_time\" content=\"2026-04-03T08:16:52+00:00\" \/>\n<meta property=\"og:image\" content=\"https:\/\/inmondo.pl\/wp-content\/uploads\/2025\/08\/Collet-regal-2P-szalwia-3.jpg\" \/>\n\t<meta property=\"og:image:width\" content=\"1200\" \/>\n\t<meta property=\"og:image:height\" content=\"1200\" \/>\n\t<meta property=\"og:image:type\" content=\"image\/jpeg\" \/>\n<meta name=\"twitter:card\" content=\"summary_large_image\" \/>\n<meta name=\"twitter:label1\" content=\"Gesch\u00e4tzte Lesezeit\" \/>\n\t<meta name=\"twitter:data1\" content=\"2\u00a0Minuten\" \/>\n<script type=\"application\/ld+json\" class=\"yoast-schema-graph\">{\"@context\":\"https:\\\/\\\/schema.org\",\"@graph\":[{\"@type\":\"WebPage\",\"@id\":\"https:\\\/\\\/inmondo.pl\\\/sklep\\\/elementy\\\/regaly\\\/regal-niski\\\/\",\"url\":\"https:\\\/\\\/inmondo.pl\\\/sklep\\\/elementy\\\/regaly\\\/regal-niski\\\/\",\"name\":\"Rega\u0142 niski - Inmondo\",\"isPartOf\":{\"@id\":\"https:\\\/\\\/inmondo.pl\\\/#website\"},\"primaryImageOfPage\":{\"@id\":\"https:\\\/\\\/inmondo.pl\\\/sklep\\\/elementy\\\/regaly\\\/regal-niski\\\/#primaryimage\"},\"image\":{\"@id\":\"https:\\\/\\\/inmondo.pl\\\/sklep\\\/elementy\\\/regaly\\\/regal-niski\\\/#primaryimage\"},\"thumbnailUrl\":\"https:\\\/\\\/inmondo.pl\\\/wp-content\\\/uploads\\\/2025\\\/08\\\/Collet-regal-2P-szalwia-3.jpg\",\"datePublished\":\"2025-06-16T10:26:15+00:00\",\"dateModified\":\"2026-04-03T08:16:52+00:00\",\"description\":\"Rega\u0142 niski do pokoju dzieci\u0119cego. Minimalistyczny, drewniany, bezpieczny, idealny do pokoju dziecka lub nastolatka. Skandynawski styl.\",\"breadcrumb\":{\"@id\":\"https:\\\/\\\/inmondo.pl\\\/sklep\\\/elementy\\\/regaly\\\/regal-niski\\\/#breadcrumb\"},\"inLanguage\":\"de\",\"potentialAction\":[{\"@type\":\"ReadAction\",\"target\":[\"https:\\\/\\\/inmondo.pl\\\/sklep\\\/elementy\\\/regaly\\\/regal-niski\\\/\"]}]},{\"@type\":\"ImageObject\",\"inLanguage\":\"de\",\"@id\":\"https:\\\/\\\/inmondo.pl\\\/sklep\\\/elementy\\\/regaly\\\/regal-niski\\\/#primaryimage\",\"url\":\"https:\\\/\\\/inmondo.pl\\\/wp-content\\\/uploads\\\/2025\\\/08\\\/Collet-regal-2P-szalwia-3.jpg\",\"contentUrl\":\"https:\\\/\\\/inmondo.pl\\\/wp-content\\\/uploads\\\/2025\\\/08\\\/Collet-regal-2P-szalwia-3.jpg\",\"width\":1200,\"height\":1200},{\"@type\":\"BreadcrumbList\",\"@id\":\"https:\\\/\\\/inmondo.pl\\\/sklep\\\/elementy\\\/regaly\\\/regal-niski\\\/#breadcrumb\",\"itemListElement\":[{\"@type\":\"ListItem\",\"position\":1,\"name\":\"Strona g\u0142\u00f3wna\",\"item\":\"https:\\\/\\\/inmondo.pl\\\/\"},{\"@type\":\"ListItem\",\"position\":2,\"name\":\"Oferta Inmondo: spe\u0142niamy marzenia i wymagania\",\"item\":\"https:\\\/\\\/inmondo.pl\\\/sklep\\\/\"},{\"@type\":\"ListItem\",\"position\":3,\"name\":\"Elementy\",\"item\":\"https:\\\/\\\/inmondo.pl\\\/sklep\\\/elementy\\\/\"},{\"@type\":\"ListItem\",\"position\":4,\"name\":\"Rega\u0142 niski\"}]},{\"@type\":\"WebSite\",\"@id\":\"https:\\\/\\\/inmondo.pl\\\/#website\",\"url\":\"https:\\\/\\\/inmondo.pl\\\/\",\"name\":\"Inmondo\",\"description\":\"\",\"potentialAction\":[{\"@type\":\"SearchAction\",\"target\":{\"@type\":\"EntryPoint\",\"urlTemplate\":\"https:\\\/\\\/inmondo.pl\\\/?s={search_term_string}\"},\"query-input\":{\"@type\":\"PropertyValueSpecification\",\"valueRequired\":true,\"valueName\":\"search_term_string\"}}],\"inLanguage\":\"de\"}]}<\/script>\n<!-- \/ Yoast SEO plugin. -->","yoast_head_json":{"title":"Niedriges Regal - Inmondo","description":"Niedriges B\u00fccherregal f\u00fcr das Kinderzimmer. Minimalistisch, aus Holz, sicher, ideal f\u00fcr das Zimmer eines Kindes oder eines Jugendlichen. Skandinavischer Stil.","robots":{"index":"index","follow":"follow","max-snippet":"max-snippet:-1","max-image-preview":"max-image-preview:large","max-video-preview":"max-video-preview:-1"},"canonical":"https:\/\/inmondo.pl\/de\/sklep\/elementy\/regaly\/regal-niski\/","og_locale":"de_DE","og_type":"article","og_title":"Rega\u0142 niski - Inmondo","og_description":"Rega\u0142 niski do pokoju dzieci\u0119cego. Minimalistyczny, drewniany, bezpieczny, idealny do pokoju dziecka lub nastolatka. Skandynawski styl.","og_url":"https:\/\/inmondo.pl\/de\/sklep\/elementy\/regaly\/regal-niski\/","og_site_name":"Inmondo","article_modified_time":"2026-04-03T08:16:52+00:00","og_image":[{"width":1200,"height":1200,"url":"https:\/\/inmondo.pl\/wp-content\/uploads\/2025\/08\/Collet-regal-2P-szalwia-3.jpg","type":"image\/jpeg"}],"twitter_card":"summary_large_image","twitter_misc":{"Gesch\u00e4tzte Lesezeit":"2\u00a0Minuten"},"schema":{"@context":"https:\/\/schema.org","@graph":[{"@type":"WebPage","@id":"https:\/\/inmondo.pl\/sklep\/elementy\/regaly\/regal-niski\/","url":"https:\/\/inmondo.pl\/sklep\/elementy\/regaly\/regal-niski\/","name":"Niedriges Regal - Inmondo","isPartOf":{"@id":"https:\/\/inmondo.pl\/#website"},"primaryImageOfPage":{"@id":"https:\/\/inmondo.pl\/sklep\/elementy\/regaly\/regal-niski\/#primaryimage"},"image":{"@id":"https:\/\/inmondo.pl\/sklep\/elementy\/regaly\/regal-niski\/#primaryimage"},"thumbnailUrl":"https:\/\/inmondo.pl\/wp-content\/uploads\/2025\/08\/Collet-regal-2P-szalwia-3.jpg","datePublished":"2025-06-16T10:26:15+00:00","dateModified":"2026-04-03T08:16:52+00:00","description":"Niedriges B\u00fccherregal f\u00fcr das Kinderzimmer. Minimalistisch, aus Holz, sicher, ideal f\u00fcr das Zimmer eines Kindes oder eines Jugendlichen. Skandinavischer Stil.","breadcrumb":{"@id":"https:\/\/inmondo.pl\/sklep\/elementy\/regaly\/regal-niski\/#breadcrumb"},"inLanguage":"de","potentialAction":[{"@type":"ReadAction","target":["https:\/\/inmondo.pl\/sklep\/elementy\/regaly\/regal-niski\/"]}]},{"@type":"ImageObject","inLanguage":"de","@id":"https:\/\/inmondo.pl\/sklep\/elementy\/regaly\/regal-niski\/#primaryimage","url":"https:\/\/inmondo.pl\/wp-content\/uploads\/2025\/08\/Collet-regal-2P-szalwia-3.jpg","contentUrl":"https:\/\/inmondo.pl\/wp-content\/uploads\/2025\/08\/Collet-regal-2P-szalwia-3.jpg","width":1200,"height":1200},{"@type":"BreadcrumbList","@id":"https:\/\/inmondo.pl\/sklep\/elementy\/regaly\/regal-niski\/#breadcrumb","itemListElement":[{"@type":"ListItem","position":1,"name":"Strona g\u0142\u00f3wna","item":"https:\/\/inmondo.pl\/"},{"@type":"ListItem","position":2,"name":"Oferta Inmondo: spe\u0142niamy marzenia i wymagania","item":"https:\/\/inmondo.pl\/sklep\/"},{"@type":"ListItem","position":3,"name":"Elementy","item":"https:\/\/inmondo.pl\/sklep\/elementy\/"},{"@type":"ListItem","position":4,"name":"Rega\u0142 niski"}]},{"@type":"WebSite","@id":"https:\/\/inmondo.pl\/#website","url":"https:\/\/inmondo.pl\/","name":"Inmondo","description":"","potentialAction":[{"@type":"SearchAction","target":{"@type":"EntryPoint","urlTemplate":"https:\/\/inmondo.pl\/?s={search_term_string}"},"query-input":{"@type":"PropertyValueSpecification","valueRequired":true,"valueName":"search_term_string"}}],"inLanguage":"de"}]}},"wcpa_form_fields":null,"_links":{"self":[{"href":"https:\/\/inmondo.pl\/de\/wp-json\/wp\/v2\/product\/10403","targetHints":{"allow":["GET"]}}],"collection":[{"href":"https:\/\/inmondo.pl\/de\/wp-json\/wp\/v2\/product"}],"about":[{"href":"https:\/\/inmondo.pl\/de\/wp-json\/wp\/v2\/types\/product"}],"replies":[{"embeddable":true,"href":"https:\/\/inmondo.pl\/de\/wp-json\/wp\/v2\/comments?post=10403"}],"wp:featuredmedia":[{"embeddable":true,"href":"https:\/\/inmondo.pl\/de\/wp-json\/wp\/v2\/media\/10824"}],"wp:attachment":[{"href":"https:\/\/inmondo.pl\/de\/wp-json\/wp\/v2\/media?parent=10403"}],"wp:term":[{"taxonomy":"product_brand","embeddable":true,"href":"https:\/\/inmondo.pl\/de\/wp-json\/wp\/v2\/product_brand?post=10403"},{"taxonomy":"product_cat","embeddable":true,"href":"https:\/\/inmondo.pl\/de\/wp-json\/wp\/v2\/product_cat?post=10403"},{"taxonomy":"product_tag","embeddable":true,"href":"https:\/\/inmondo.pl\/de\/wp-json\/wp\/v2\/product_tag?post=10403"}],"curies":[{"name":"wp","href":"https:\/\/api.w.org\/{rel}","templated":true}]}}