{"id":10260,"date":"2025-06-09T15:53:34","date_gmt":"2025-06-09T13:53:34","guid":{"rendered":"https:\/\/inmondo.pl\/?post_type=product&#038;p=10260"},"modified":"2026-04-11T19:26:22","modified_gmt":"2026-04-11T17:26:22","slug":"biurko-dzieciece-z-szufladami-4s","status":"publish","type":"product","link":"https:\/\/inmondo.pl\/de\/sklep\/elementy\/biurka\/biurko-dzieciece-z-szufladami-4s\/","title":{"rendered":"Kinderschreibtisch mit Schubladen 4S"},"content":{"rendered":"","protected":false},"excerpt":{"rendered":"<p data-start=\"1059\" data-end=\"1234\">Es beginnt wie immer - mit ein paar auf dem Tisch verstreuten Buntstiften.<\/p>\n<p data-start=\"1059\" data-end=\"1234\">Sp\u00e4ter kommen Notebooks, B\u00fccher und ein Laptop hinzu. Und pl\u00f6tzlich... wird es zu eng.<\/p>\n<p data-start=\"1236\" data-end=\"1526\">Deshalb haben wir den Kinderschreibtisch Collet 4S entwickelt - eine neue, gr\u00f6\u00dfere Version unseres Bestsellers, die mit Ihrem Kind mitw\u00e4chst.<\/p>\n<p data-start=\"1236\" data-end=\"1526\">Mehr Arbeitsfl\u00e4che, mehr Stauraum, mehr Ordnung und damit mehr Ruhe im t\u00e4glichen Chaos des Hauses.<\/p>\n<p>&nbsp;<\/p>\n<p>Sein minimalistisches Design, die sicheren Oberfl\u00e4chen und die nat\u00fcrlichen Materialien machen ihn zur perfekten Wahl f\u00fcr ein Kinderzimmer jeden Alters.<\/p>\n<p>&nbsp;<\/p>\n<h6><\/h6>","protected":false},"featured_media":10815,"comment_status":"open","ping_status":"closed","template":"","meta":{"_acf_changed":false},"product_brand":[],"product_cat":[29,24,20,99],"product_tag":[],"class_list":{"0":"post-10260","1":"product","2":"type-product","3":"status-publish","4":"has-post-thumbnail","6":"product_cat-biurka","7":"product_cat-collet","8":"product_cat-elementy","9":"product_cat-meble-dostepne","11":"first","12":"instock","13":"featured","14":"taxable","15":"shipping-taxable","16":"purchasable","17":"product-type-variable","18":"has-default-attributes"},"acf":{"sections_woocommerce":[{"acf_fc_layout":"section_menu","is_active":true,"repeater":[{"text":"Opis","link":"#opis"},{"text":"Lookbook","link":"#lookbook"},{"text":"Opinie","link":"#opinie"},{"text":"Inne z kategorii","link":"#inne"}]},{"acf_fc_layout":"section_woocommerce_text_image","is_active":true,"anchor":"Opis","text_align":"textAlign--left","grid_width":"main","wysiwyg":"<p data-start=\"716\" data-end=\"947\">Codzienna nauka, odrabianie lekcji, rysowanie \u2013 ka\u017cde dziecko potrzebuje wygodnej i dobrze zorganizowanej przestrzeni do rozwoju.<\/p>\n<p data-start=\"716\" data-end=\"947\">Biurko dzieci\u0119ce Collet 4S powsta\u0142o w\u0142a\u015bnie po to, by sprosta\u0107 tym wyzwaniom.<\/p>\n<p>&nbsp;<\/p>\n<p data-start=\"949\" data-end=\"1240\">Wersja 4S to wi\u0119ksza powierzchnia blatu i a\u017c cztery szuflady, kt\u00f3re pozwalaj\u0105 na \u0142atwe przechowywanie podr\u0119cznik\u00f3w, zeszyt\u00f3w i przybor\u00f3w.<\/p>\n<p>Zaprojektowali\u015bmy <strong>blat biurka o szeroko\u015bci 120 cm i g\u0142\u0119boko\u015bci 60 cm, <\/strong>kt\u00f3ry\u00a0zapewnia dziecku komfortow\u0105 przestrze\u0144 do nauki, rysowania czy pracy przy komputerze.<\/p>\n<p><strong>Wysoko\u015b\u0107 biurka \u2013 76 cm <\/strong>\u2013 zosta\u0142a dopasowana tak, aby biurko ros\u0142o razem z dzieckiem i dobrze s\u0142u\u017cy\u0142o r\u00f3wnie\u017c nastolatkom.<br \/>\n<strong>Wn\u0119ka na krzes\u0142o o szeroko\u015bci 66,4 cm i wysoko\u015bci 62,8 cm<\/strong> sprawia, \u017ce biurko jest wygodne i ergonomiczne \u2013 pozwala swobodnie wsun\u0105\u0107 krzes\u0142o i zachowa\u0107 odpowiedni\u0105 pozycj\u0119 przy pracy.<\/p>\n<p>&nbsp;<\/p>\n<p data-start=\"1242\" data-end=\"1646\">Minimalistyczny, skandynawski design biurka z kolekcji Collet pasuje do r\u00f3\u017cnorodnych aran\u017cacji pokoju dzieci\u0119cego, od przedszkolaka po nastolatka.<\/p>\n<p data-start=\"1242\" data-end=\"1646\">Wykonane z trwa\u0142ych materia\u0142\u00f3w \u2014 drewna sosnowego oraz malowanej p\u0142yty MDF, z wykorzystaniem bezpiecznych, ekologicznych lakier\u00f3w \u2014 biurko gwarantuje komfort i bezpiecze\u0144stwo u\u017cytkowania przez wiele lat.<\/p>\n","image":"https:\/\/inmondo.pl\/wp-content\/uploads\/2025\/06\/T0A3912.jpeg"},{"acf_fc_layout":"section_woocommerce_text_image","is_active":true,"anchor":"Opis","text_align":"textAlign--right","grid_width":"main","wysiwyg":"<p data-start=\"2160\" data-end=\"2492\">Biurko Collet 4S nie jest zwyk\u0142ym biurkiem.<\/p>\n<p data-start=\"2160\" data-end=\"2492\">To mebel, kt\u00f3ry wspiera codzienn\u0105 nauk\u0119, rozwija samodzielno\u015b\u0107 i u\u0142atwia organizacj\u0119 przestrzeni.<\/p>\n<p data-start=\"2494\" data-end=\"2701\">To tak\u017ce doskona\u0142y wyb\u00f3r dla starszych dzieci \u2013 wi\u0119kszy blat z powodzeniem zmie\u015bci komputer oraz zeszyty i ksi\u0105\u017cki.<\/p>\n<p data-start=\"2494\" data-end=\"2701\">Solidna konstrukcja gwarantuje trwa\u0142o\u015b\u0107 na lata \u2013 to inwestycja, kt\u00f3ra si\u0119 op\u0142aca.<\/p>\n<h3 data-start=\"1653\" data-end=\"1697\"><\/h3>\n<h3 data-start=\"1653\" data-end=\"1697\">Dlaczego warto wybra\u0107 biurko Collet 4s?<\/h3>\n<ul data-start=\"1699\" data-end=\"2160\">\n<li data-start=\"1699\" data-end=\"1796\">\n<p data-start=\"1701\" data-end=\"1796\"><strong data-start=\"1701\" data-end=\"1729\">Wi\u0119cej miejsca na blacie<\/strong> \u2013 dziecko zyskuje przestrze\u0144 do nauki i zabawy<\/p>\n<\/li>\n<li data-start=\"1797\" data-end=\"1906\">\n<p data-start=\"1799\" data-end=\"1906\"><strong data-start=\"1799\" data-end=\"1831\">Cztery funkcjonalne szuflady<\/strong>, w tym jedna pod blatem \u2013 porz\u0105dek nigdy nie by\u0142 tak \u0142atwy do utrzymania<\/p>\n<\/li>\n<li data-start=\"1907\" data-end=\"1984\">\n<p data-start=\"1909\" data-end=\"1984\"><strong data-start=\"1909\" data-end=\"1942\">Bezpieczne i trwa\u0142e materia\u0142y<\/strong>, kt\u00f3re s\u0105 przyjazne dla zdrowia dziecka<\/p>\n<\/li>\n<li data-start=\"1985\" data-end=\"2074\">\n<p data-start=\"1987\" data-end=\"2074\"><strong data-start=\"1987\" data-end=\"2021\">Uniwersalny, nowoczesny design<\/strong>, kt\u00f3ry sprawdzi si\u0119 w pokoju dziewczynki i ch\u0142opca<\/p>\n<\/li>\n<li data-start=\"2075\" data-end=\"2160\">\n<p data-start=\"2077\" data-end=\"2160\"><strong data-start=\"2077\" data-end=\"2093\">\u0141atwy monta\u017c<\/strong> \u2014 dzi\u0119ki intuicyjnej instrukcji ka\u017cdy poradzi sobie samodzielnie<\/p>\n<\/li>\n<\/ul>\n","image":"https:\/\/inmondo.pl\/wp-content\/uploads\/2025\/06\/T0A3821.jpeg"},{"acf_fc_layout":"section_woocommerce_text_image","is_active":true,"anchor":"Opis","text_align":"textAlign--left","grid_width":"main","wysiwyg":"<p>Biurko 4s to element wi\u0119kszej, sp\u00f3jnej kolekcji Collet, kt\u00f3r\u0105 mo\u017cesz dowolnie \u0142\u0105czy\u0107 z rega\u0142ami, szafkami i innymi meblami marki Inmondo.<\/p>\n<p>Dzi\u0119ki temu stworzysz pok\u00f3j idealny \u2013 funkcjonalny, estetyczny i dostosowany do zmieniaj\u0105cych si\u0119 potrzeb Twojego dziecka.<\/p>\n<p>Warto zwr\u00f3ci\u0107 uwag\u0119 na detale \u2013 staranne wyko\u0144czenie, uniwersalne kolory oraz trwa\u0142e materia\u0142y, \u015bwiadcz\u0105 o wysokiej jako\u015bci, kt\u00f3ra wyr\u00f3\u017cnia t\u0119 kolekcj\u0119 na rynku.<\/p>\n","image":"https:\/\/inmondo.pl\/wp-content\/uploads\/2025\/06\/T0A3892.jpeg"},{"acf_fc_layout":"section_woocommerce_lookbook","is_active":true,"anchor":"lookbook","header":"","repeater":[{"shortcode":"[woocommerce_lookbook id=\"10334\"]"},{"shortcode":"[woocommerce_lookbook id=\"10330\"]"},{"shortcode":"[woocommerce_lookbook id=\"1365\"]"},{"shortcode":"[woocommerce_lookbook id=\"360\"]"}]},{"acf_fc_layout":"section_woocommerce_opinions","is_active":true,"anchor":"opinie"},{"acf_fc_layout":"section_woocommerce_otherFromCategory","is_active":true,"anchor":"inne"}],"wymiary":"Szeroko\u015b\u0107: 120 cm<br \/>\r\nG\u0142\u0119boko\u015b\u0107: 60 cm<br \/>\r\nWysoko\u015b\u0107: 76 cm<br \/>\r\n<br \/>\r\nSzeroko\u015b\u0107 wn\u0119ki na krzes\u0142o: 66,4<br \/>\r\nWysoko\u015b\u0107 wn\u0119ki na krzes\u0142o: 62.8 cm","materialy":"","czas_realizacji":""},"yoast_head":"<!-- This site is optimized with the Yoast SEO plugin v27.3 - https:\/\/yoast.com\/product\/yoast-seo-wordpress\/ -->\n<title>Biurko dzieci\u0119ce z szufladami 4S - Inmondo<\/title>\n<meta name=\"description\" content=\"Biurko dzieci\u0119ce Collet. Minimalistyczny design, bezpieczne wyko\u0144czenia i naturalne materia\u0142y czyni\u0105 z niego idealny wyb\u00f3r do pokoju dziecka w ka\u017cdym wieku.\" \/>\n<meta name=\"robots\" content=\"index, follow, max-snippet:-1, max-image-preview:large, max-video-preview:-1\" \/>\n<link rel=\"canonical\" href=\"https:\/\/inmondo.pl\/de\/sklep\/elementy\/biurka\/biurko-dzieciece-z-szufladami-4s\/\" \/>\n<meta property=\"og:locale\" content=\"de_DE\" \/>\n<meta property=\"og:type\" content=\"article\" \/>\n<meta property=\"og:title\" content=\"Biurko dzieci\u0119ce z szufladami 4S - Inmondo\" \/>\n<meta property=\"og:description\" content=\"Biurko dzieci\u0119ce Collet. Minimalistyczny design, bezpieczne wyko\u0144czenia i naturalne materia\u0142y czyni\u0105 z niego idealny wyb\u00f3r do pokoju dziecka w ka\u017cdym wieku.\" \/>\n<meta property=\"og:url\" content=\"https:\/\/inmondo.pl\/de\/sklep\/elementy\/biurka\/biurko-dzieciece-z-szufladami-4s\/\" \/>\n<meta property=\"og:site_name\" content=\"Inmondo\" \/>\n<meta property=\"article:modified_time\" content=\"2026-04-11T17:26:22+00:00\" \/>\n<meta property=\"og:image\" content=\"https:\/\/inmondo.pl\/wp-content\/uploads\/2025\/08\/Collet-2-kaszmir-3.jpg\" \/>\n\t<meta property=\"og:image:width\" content=\"1200\" \/>\n\t<meta property=\"og:image:height\" content=\"1200\" \/>\n\t<meta property=\"og:image:type\" content=\"image\/jpeg\" \/>\n<meta name=\"twitter:card\" content=\"summary_large_image\" \/>\n<meta name=\"twitter:label1\" content=\"Gesch\u00e4tzte Lesezeit\" \/>\n\t<meta name=\"twitter:data1\" content=\"4\u00a0Minuten\" \/>\n<script type=\"application\/ld+json\" class=\"yoast-schema-graph\">{\"@context\":\"https:\\\/\\\/schema.org\",\"@graph\":[{\"@type\":\"WebPage\",\"@id\":\"https:\\\/\\\/inmondo.pl\\\/sklep\\\/elementy\\\/biurka\\\/biurko-dzieciece-z-szufladami-4s\\\/\",\"url\":\"https:\\\/\\\/inmondo.pl\\\/sklep\\\/elementy\\\/biurka\\\/biurko-dzieciece-z-szufladami-4s\\\/\",\"name\":\"Biurko dzieci\u0119ce z szufladami 4S - Inmondo\",\"isPartOf\":{\"@id\":\"https:\\\/\\\/inmondo.pl\\\/#website\"},\"primaryImageOfPage\":{\"@id\":\"https:\\\/\\\/inmondo.pl\\\/sklep\\\/elementy\\\/biurka\\\/biurko-dzieciece-z-szufladami-4s\\\/#primaryimage\"},\"image\":{\"@id\":\"https:\\\/\\\/inmondo.pl\\\/sklep\\\/elementy\\\/biurka\\\/biurko-dzieciece-z-szufladami-4s\\\/#primaryimage\"},\"thumbnailUrl\":\"https:\\\/\\\/inmondo.pl\\\/wp-content\\\/uploads\\\/2025\\\/08\\\/Collet-2-kaszmir-3.jpg\",\"datePublished\":\"2025-06-09T13:53:34+00:00\",\"dateModified\":\"2026-04-11T17:26:22+00:00\",\"description\":\"Biurko dzieci\u0119ce Collet. Minimalistyczny design, bezpieczne wyko\u0144czenia i naturalne materia\u0142y czyni\u0105 z niego idealny wyb\u00f3r do pokoju dziecka w ka\u017cdym wieku.\",\"breadcrumb\":{\"@id\":\"https:\\\/\\\/inmondo.pl\\\/sklep\\\/elementy\\\/biurka\\\/biurko-dzieciece-z-szufladami-4s\\\/#breadcrumb\"},\"inLanguage\":\"de\",\"potentialAction\":[{\"@type\":\"ReadAction\",\"target\":[\"https:\\\/\\\/inmondo.pl\\\/sklep\\\/elementy\\\/biurka\\\/biurko-dzieciece-z-szufladami-4s\\\/\"]}]},{\"@type\":\"ImageObject\",\"inLanguage\":\"de\",\"@id\":\"https:\\\/\\\/inmondo.pl\\\/sklep\\\/elementy\\\/biurka\\\/biurko-dzieciece-z-szufladami-4s\\\/#primaryimage\",\"url\":\"https:\\\/\\\/inmondo.pl\\\/wp-content\\\/uploads\\\/2025\\\/08\\\/Collet-2-kaszmir-3.jpg\",\"contentUrl\":\"https:\\\/\\\/inmondo.pl\\\/wp-content\\\/uploads\\\/2025\\\/08\\\/Collet-2-kaszmir-3.jpg\",\"width\":1200,\"height\":1200},{\"@type\":\"BreadcrumbList\",\"@id\":\"https:\\\/\\\/inmondo.pl\\\/sklep\\\/elementy\\\/biurka\\\/biurko-dzieciece-z-szufladami-4s\\\/#breadcrumb\",\"itemListElement\":[{\"@type\":\"ListItem\",\"position\":1,\"name\":\"Strona g\u0142\u00f3wna\",\"item\":\"https:\\\/\\\/inmondo.pl\\\/\"},{\"@type\":\"ListItem\",\"position\":2,\"name\":\"Oferta Inmondo: spe\u0142niamy marzenia i wymagania\",\"item\":\"https:\\\/\\\/inmondo.pl\\\/sklep\\\/\"},{\"@type\":\"ListItem\",\"position\":3,\"name\":\"Elementy\",\"item\":\"https:\\\/\\\/inmondo.pl\\\/sklep\\\/elementy\\\/\"},{\"@type\":\"ListItem\",\"position\":4,\"name\":\"Biurko dzieci\u0119ce z szufladami 4S\"}]},{\"@type\":\"WebSite\",\"@id\":\"https:\\\/\\\/inmondo.pl\\\/#website\",\"url\":\"https:\\\/\\\/inmondo.pl\\\/\",\"name\":\"Inmondo\",\"description\":\"\",\"potentialAction\":[{\"@type\":\"SearchAction\",\"target\":{\"@type\":\"EntryPoint\",\"urlTemplate\":\"https:\\\/\\\/inmondo.pl\\\/?s={search_term_string}\"},\"query-input\":{\"@type\":\"PropertyValueSpecification\",\"valueRequired\":true,\"valueName\":\"search_term_string\"}}],\"inLanguage\":\"de\"}]}<\/script>\n<!-- \/ Yoast SEO plugin. -->","yoast_head_json":{"title":"Kinderschreibtisch mit Schubladen 4S - Inmondo","description":"Collet Kinderschreibtisch. Sein minimalistisches Design, die sicheren Oberfl\u00e4chen und die nat\u00fcrlichen Materialien machen ihn zur perfekten Wahl f\u00fcr ein Kinderzimmer jeden Alters.","robots":{"index":"index","follow":"follow","max-snippet":"max-snippet:-1","max-image-preview":"max-image-preview:large","max-video-preview":"max-video-preview:-1"},"canonical":"https:\/\/inmondo.pl\/de\/sklep\/elementy\/biurka\/biurko-dzieciece-z-szufladami-4s\/","og_locale":"de_DE","og_type":"article","og_title":"Biurko dzieci\u0119ce z szufladami 4S - Inmondo","og_description":"Biurko dzieci\u0119ce Collet. Minimalistyczny design, bezpieczne wyko\u0144czenia i naturalne materia\u0142y czyni\u0105 z niego idealny wyb\u00f3r do pokoju dziecka w ka\u017cdym wieku.","og_url":"https:\/\/inmondo.pl\/de\/sklep\/elementy\/biurka\/biurko-dzieciece-z-szufladami-4s\/","og_site_name":"Inmondo","article_modified_time":"2026-04-11T17:26:22+00:00","og_image":[{"width":1200,"height":1200,"url":"https:\/\/inmondo.pl\/wp-content\/uploads\/2025\/08\/Collet-2-kaszmir-3.jpg","type":"image\/jpeg"}],"twitter_card":"summary_large_image","twitter_misc":{"Gesch\u00e4tzte Lesezeit":"4\u00a0Minuten"},"schema":{"@context":"https:\/\/schema.org","@graph":[{"@type":"WebPage","@id":"https:\/\/inmondo.pl\/sklep\/elementy\/biurka\/biurko-dzieciece-z-szufladami-4s\/","url":"https:\/\/inmondo.pl\/sklep\/elementy\/biurka\/biurko-dzieciece-z-szufladami-4s\/","name":"Kinderschreibtisch mit Schubladen 4S - Inmondo","isPartOf":{"@id":"https:\/\/inmondo.pl\/#website"},"primaryImageOfPage":{"@id":"https:\/\/inmondo.pl\/sklep\/elementy\/biurka\/biurko-dzieciece-z-szufladami-4s\/#primaryimage"},"image":{"@id":"https:\/\/inmondo.pl\/sklep\/elementy\/biurka\/biurko-dzieciece-z-szufladami-4s\/#primaryimage"},"thumbnailUrl":"https:\/\/inmondo.pl\/wp-content\/uploads\/2025\/08\/Collet-2-kaszmir-3.jpg","datePublished":"2025-06-09T13:53:34+00:00","dateModified":"2026-04-11T17:26:22+00:00","description":"Collet Kinderschreibtisch. Sein minimalistisches Design, die sicheren Oberfl\u00e4chen und die nat\u00fcrlichen Materialien machen ihn zur perfekten Wahl f\u00fcr ein Kinderzimmer jeden Alters.","breadcrumb":{"@id":"https:\/\/inmondo.pl\/sklep\/elementy\/biurka\/biurko-dzieciece-z-szufladami-4s\/#breadcrumb"},"inLanguage":"de","potentialAction":[{"@type":"ReadAction","target":["https:\/\/inmondo.pl\/sklep\/elementy\/biurka\/biurko-dzieciece-z-szufladami-4s\/"]}]},{"@type":"ImageObject","inLanguage":"de","@id":"https:\/\/inmondo.pl\/sklep\/elementy\/biurka\/biurko-dzieciece-z-szufladami-4s\/#primaryimage","url":"https:\/\/inmondo.pl\/wp-content\/uploads\/2025\/08\/Collet-2-kaszmir-3.jpg","contentUrl":"https:\/\/inmondo.pl\/wp-content\/uploads\/2025\/08\/Collet-2-kaszmir-3.jpg","width":1200,"height":1200},{"@type":"BreadcrumbList","@id":"https:\/\/inmondo.pl\/sklep\/elementy\/biurka\/biurko-dzieciece-z-szufladami-4s\/#breadcrumb","itemListElement":[{"@type":"ListItem","position":1,"name":"Strona g\u0142\u00f3wna","item":"https:\/\/inmondo.pl\/"},{"@type":"ListItem","position":2,"name":"Oferta Inmondo: spe\u0142niamy marzenia i wymagania","item":"https:\/\/inmondo.pl\/sklep\/"},{"@type":"ListItem","position":3,"name":"Elementy","item":"https:\/\/inmondo.pl\/sklep\/elementy\/"},{"@type":"ListItem","position":4,"name":"Biurko dzieci\u0119ce z szufladami 4S"}]},{"@type":"WebSite","@id":"https:\/\/inmondo.pl\/#website","url":"https:\/\/inmondo.pl\/","name":"Inmondo","description":"","potentialAction":[{"@type":"SearchAction","target":{"@type":"EntryPoint","urlTemplate":"https:\/\/inmondo.pl\/?s={search_term_string}"},"query-input":{"@type":"PropertyValueSpecification","valueRequired":true,"valueName":"search_term_string"}}],"inLanguage":"de"}]}},"wcpa_form_fields":null,"_links":{"self":[{"href":"https:\/\/inmondo.pl\/de\/wp-json\/wp\/v2\/product\/10260","targetHints":{"allow":["GET"]}}],"collection":[{"href":"https:\/\/inmondo.pl\/de\/wp-json\/wp\/v2\/product"}],"about":[{"href":"https:\/\/inmondo.pl\/de\/wp-json\/wp\/v2\/types\/product"}],"replies":[{"embeddable":true,"href":"https:\/\/inmondo.pl\/de\/wp-json\/wp\/v2\/comments?post=10260"}],"wp:featuredmedia":[{"embeddable":true,"href":"https:\/\/inmondo.pl\/de\/wp-json\/wp\/v2\/media\/10815"}],"wp:attachment":[{"href":"https:\/\/inmondo.pl\/de\/wp-json\/wp\/v2\/media?parent=10260"}],"wp:term":[{"taxonomy":"product_brand","embeddable":true,"href":"https:\/\/inmondo.pl\/de\/wp-json\/wp\/v2\/product_brand?post=10260"},{"taxonomy":"product_cat","embeddable":true,"href":"https:\/\/inmondo.pl\/de\/wp-json\/wp\/v2\/product_cat?post=10260"},{"taxonomy":"product_tag","embeddable":true,"href":"https:\/\/inmondo.pl\/de\/wp-json\/wp\/v2\/product_tag?post=10260"}],"curies":[{"name":"wp","href":"https:\/\/api.w.org\/{rel}","templated":true}]}}