{"id":10259,"date":"2025-06-09T15:27:33","date_gmt":"2025-06-09T13:27:33","guid":{"rendered":"https:\/\/inmondo.pl\/?post_type=product&#038;p=10259"},"modified":"2026-04-08T14:18:19","modified_gmt":"2026-04-08T12:18:19","slug":"biurko-dzieciece-z-szufladami-i-przegroda","status":"publish","type":"product","link":"https:\/\/inmondo.pl\/de\/sklep\/elementy\/biurka\/biurko-dzieciece-z-szufladami-i-przegroda\/","title":{"rendered":"Kinderschreibtisch mit Schubladen und Trennwand"},"content":{"rendered":"","protected":false},"excerpt":{"rendered":"<p>Der Collet Kinderschreibtisch mit Schubladen und Trennwand ist eine bequeme Station zum Lernen, Spielen und Entwickeln von Leidenschaften.<\/p>\n<p>Die gro\u00dfe Arbeitsfl\u00e4che bietet Handlungsfreiheit, w\u00e4hrend die clevere Anordnung der Schubladen und die funktionale Nische eine bequeme Aufbewahrung der wichtigsten Utensilien erm\u00f6glichen.<\/p>\n<p>Die M\u00f6bel sind aus nat\u00fcrlichem Kiefernholz und MDF gefertigt und mit zertifizierten Farben auf Wasserbasis lackiert - sicher f\u00fcr Kinder.<\/p>\n<p>Durch das minimalistische Design passt der Schreibtisch perfekt in jede Einrichtung - unabh\u00e4ngig vom Alter des Kindes.<\/p>\n<p>&nbsp;<\/p>\n<h6><\/h6>","protected":false},"featured_media":10848,"comment_status":"open","ping_status":"closed","template":"","meta":{"_acf_changed":true},"product_brand":[],"product_cat":[29,24,20,99],"product_tag":[],"class_list":{"0":"post-10259","1":"product","2":"type-product","3":"status-publish","4":"has-post-thumbnail","6":"product_cat-biurka","7":"product_cat-collet","8":"product_cat-elementy","9":"product_cat-meble-dostepne","11":"first","12":"instock","13":"sale","14":"taxable","15":"shipping-taxable","16":"purchasable","17":"product-type-variable","18":"has-default-attributes"},"acf":{"sections_woocommerce":[{"acf_fc_layout":"section_menu","is_active":true,"repeater":[{"text":"opis","link":"#opis"},{"text":"lookbook","link":"#lookbook"},{"text":"opinie","link":"#opinie"},{"text":"inne z kolekcji","link":"#inne"}]},{"acf_fc_layout":"section_woocommerce_text_image","is_active":true,"anchor":"opis","text_align":"textAlign--left","grid_width":"main","wysiwyg":"<p>Biurko Collet z szufladami i przegrod\u0105 powsta\u0142o z my\u015bl\u0105 o dzieciach, kt\u00f3re potrzebuj\u0105 w\u0142asnej przestrzeni.<\/p>\n<p>&nbsp;<\/p>\n<p>Zaprojektowali\u015bmy <strong data-start=\"147\" data-end=\"194\">blat biurka o szeroko\u015bci 120 cm i g\u0142\u0119boko\u015bci 60 cm, <\/strong>kt\u00f3ry\u00a0zapewnia dziecku komfortow\u0105 przestrze\u0144 do nauki, rysowania czy pracy przy komputerze.<\/p>\n<p>Cztery wygodne szuflady oraz praktyczna przegroda na plecak lub torb\u0119 to przepis na porz\u0105dek i komfort.<\/p>\n<p><strong data-start=\"367\" data-end=\"394\">Wysoko\u015b\u0107 biurka \u2013 76 cm<\/strong> \u2013 zosta\u0142a dopasowana tak, aby biurko ros\u0142o razem z dzieckiem i dobrze s\u0142u\u017cy\u0142o r\u00f3wnie\u017c nastolatkom.<\/p>\n<p><strong data-start=\"494\" data-end=\"555\" data-is-only-node=\"\">Wn\u0119ka na krzes\u0142o o szeroko\u015bci 51,4 cm i wysoko\u015bci 62,8 cm<\/strong> sprawia, \u017ce biurko jest wygodne i ergonomiczne \u2013 pozwala swobodnie wsun\u0105\u0107 krzes\u0142o i zachowa\u0107 odpowiedni\u0105 pozycj\u0119 przy pracy.<\/p>\n","image":"https:\/\/inmondo.pl\/wp-content\/uploads\/2025\/06\/T0A4086.jpeg"},{"acf_fc_layout":"section_woocommerce_text_image","is_active":true,"anchor":"opis","text_align":"textAlign--right","grid_width":"main","wysiwyg":"<p>Prosta, ponadczasowa forma i starannie dobrane detale \u2013 biurko Collet doskonale odnajduje si\u0119 w dzieci\u0119cych i m\u0142odzie\u017cowych pokojach.<\/p>\n<p>Mo\u017cna je \u0142atwo po\u0142\u0105czy\u0107 z innymi elementami kolekcji, tworz\u0105c estetyczne i funkcjonalne miejsce do nauki.<\/p>\n<p>&nbsp;<\/p>\n<h4 data-start=\"5785\" data-end=\"5808\">Kluczowe cechy:<\/h4>\n<ul data-start=\"5809\" data-end=\"6146\">\n<li data-start=\"5809\" data-end=\"5867\">\n<p data-start=\"5811\" data-end=\"5867\">Du\u017cy blat roboczy \u2013 wygodna przestrze\u0144 do nauki i zabawy<\/p>\n<\/li>\n<li data-start=\"5868\" data-end=\"5906\">\n<p data-start=\"5870\" data-end=\"5906\">4 szuflady z \u0142atwym dost\u0119pem<\/p>\n<\/li>\n<li data-start=\"5907\" data-end=\"5960\">\n<p data-start=\"5909\" data-end=\"5960\">Przegroda na plecak lub torb\u0119 \u2013 schowana pod blatem<\/p>\n<\/li>\n<li data-start=\"5961\" data-end=\"6018\">\n<p data-start=\"5963\" data-end=\"6018\">Mo\u017cliwo\u015b\u0107 zestawienia z rega\u0142em lub kontenerkiem Collet<\/p>\n<\/li>\n<\/ul>\n<p>&nbsp;<\/p>\n<p>Biurko Collet to mebel, kt\u00f3ry \u201ero\u015bnie\u201d razem z dzieckiem \u2013 od pierwszych rysunk\u00f3w po nauk\u0119 do sprawdzian\u00f3w.<\/p>\n<p>Zapewnij dziecku ergonomiczne miejsce do rozwoju i odkrywania \u015bwiata.<\/p>\n","image":"https:\/\/inmondo.pl\/wp-content\/uploads\/2025\/06\/T0A4367.jpeg"},{"acf_fc_layout":"section_woocommerce_text_image","is_active":true,"anchor":"opis","text_align":"textAlign--left","grid_width":"main","wysiwyg":"<p>Biurko Collet jest cz\u0119\u015bci\u0105 wi\u0119kszej kolekcji mebli dzieci\u0119cych, kt\u00f3re mo\u017cesz dowolnie \u0142\u0105czy\u0107.<\/p>\n<p>Dopasuj rega\u0142, kontenerek, szaf\u0119 czy \u0142\u00f3\u017cko i stw\u00f3rz wn\u0119trze, kt\u00f3re rozwija si\u0119 razem<br \/>\nz dzieckiem.<\/p>\n<p>Co wi\u0119cej, kolekcja Collet \u015bwietnie wsp\u00f3\u0142gra z r\u00f3\u017cnymi stylami wn\u0119trz, dzi\u0119ki czemu masz pe\u0142n\u0105 swobod\u0119 aran\u017cacyjn\u0105.<\/p>\n","image":"https:\/\/inmondo.pl\/wp-content\/uploads\/2025\/06\/T0A4332.jpeg"},{"acf_fc_layout":"section_woocommerce_lookbook","is_active":true,"anchor":"lookbook","header":"","repeater":[{"shortcode":"[woocommerce_lookbook id=\"1365\"]"},{"shortcode":"[woocommerce_lookbook id=\"1360\"]"}]},{"acf_fc_layout":"section_woocommerce_opinions","is_active":true,"anchor":"opinie"},{"acf_fc_layout":"section_woocommerce_otherFromCategory","is_active":true,"anchor":"inne"}],"wymiary":"Szeroko\u015b\u0107: 120 cm<br \/>\r\nG\u0142\u0119boko\u015b\u0107: 60 cm<br \/>\r\nWysoko\u015b\u0107: 76 cm<br \/>\r\n<br \/>\r\nSzeroko\u015b\u0107 wn\u0119ki na krzes\u0142o: 51,4<br \/>\r\nWysoko\u015b\u0107 wn\u0119ki na krzes\u0142o: 62.8 cm","materialy":"Drewno sosnowe, MDF, lakiery wodne","czas_realizacji":""},"yoast_head":"<!-- This site is optimized with the Yoast SEO plugin v27.3 - https:\/\/yoast.com\/product\/yoast-seo-wordpress\/ -->\n<title>Biurko dzieci\u0119ce z szufladami i przegrod\u0105 - Inmondo<\/title>\n<meta name=\"description\" content=\"Minimalistyczne biurko dzieci\u0119ce Collet z szufladami i praktyczn\u0105 przegrod\u0105 na plecak. Du\u017cy blat, bezpieczne materia\u0142y, idealne dla ucznia i nastolatka.\" \/>\n<meta name=\"robots\" content=\"index, follow, max-snippet:-1, max-image-preview:large, max-video-preview:-1\" \/>\n<link rel=\"canonical\" href=\"https:\/\/inmondo.pl\/de\/sklep\/elementy\/biurka\/biurko-dzieciece-z-szufladami-i-przegroda\/\" \/>\n<meta property=\"og:locale\" content=\"de_DE\" \/>\n<meta property=\"og:type\" content=\"article\" \/>\n<meta property=\"og:title\" content=\"Biurko dzieci\u0119ce z szufladami i przegrod\u0105 - Inmondo\" \/>\n<meta property=\"og:description\" content=\"Minimalistyczne biurko dzieci\u0119ce Collet z szufladami i praktyczn\u0105 przegrod\u0105 na plecak. Du\u017cy blat, bezpieczne materia\u0142y, idealne dla ucznia i nastolatka.\" \/>\n<meta property=\"og:url\" content=\"https:\/\/inmondo.pl\/de\/sklep\/elementy\/biurka\/biurko-dzieciece-z-szufladami-i-przegroda\/\" \/>\n<meta property=\"og:site_name\" content=\"Inmondo\" \/>\n<meta property=\"article:modified_time\" content=\"2026-04-08T12:18:19+00:00\" \/>\n<meta property=\"og:image\" content=\"https:\/\/inmondo.pl\/wp-content\/uploads\/2025\/08\/biurko.jpg\" \/>\n\t<meta property=\"og:image:width\" content=\"1920\" \/>\n\t<meta property=\"og:image:height\" content=\"1920\" \/>\n\t<meta property=\"og:image:type\" content=\"image\/jpeg\" \/>\n<meta name=\"twitter:card\" content=\"summary_large_image\" \/>\n<meta name=\"twitter:label1\" content=\"Gesch\u00e4tzte Lesezeit\" \/>\n\t<meta name=\"twitter:data1\" content=\"3\u00a0Minuten\" \/>\n<script type=\"application\/ld+json\" class=\"yoast-schema-graph\">{\"@context\":\"https:\\\/\\\/schema.org\",\"@graph\":[{\"@type\":\"WebPage\",\"@id\":\"https:\\\/\\\/inmondo.pl\\\/de\\\/sklep\\\/elementy\\\/biurka\\\/biurko-dzieciece-z-szufladami-i-przegroda\\\/\",\"url\":\"https:\\\/\\\/inmondo.pl\\\/de\\\/sklep\\\/elementy\\\/biurka\\\/biurko-dzieciece-z-szufladami-i-przegroda\\\/\",\"name\":\"Biurko dzieci\u0119ce z szufladami i przegrod\u0105 - Inmondo\",\"isPartOf\":{\"@id\":\"https:\\\/\\\/inmondo.pl\\\/#website\"},\"primaryImageOfPage\":{\"@id\":\"https:\\\/\\\/inmondo.pl\\\/de\\\/sklep\\\/elementy\\\/biurka\\\/biurko-dzieciece-z-szufladami-i-przegroda\\\/#primaryimage\"},\"image\":{\"@id\":\"https:\\\/\\\/inmondo.pl\\\/de\\\/sklep\\\/elementy\\\/biurka\\\/biurko-dzieciece-z-szufladami-i-przegroda\\\/#primaryimage\"},\"thumbnailUrl\":\"https:\\\/\\\/inmondo.pl\\\/wp-content\\\/uploads\\\/2025\\\/08\\\/biurko.jpg\",\"datePublished\":\"2025-06-09T13:27:33+00:00\",\"dateModified\":\"2026-04-08T12:18:19+00:00\",\"description\":\"Minimalistyczne biurko dzieci\u0119ce Collet z szufladami i praktyczn\u0105 przegrod\u0105 na plecak. Du\u017cy blat, bezpieczne materia\u0142y, idealne dla ucznia i nastolatka.\",\"breadcrumb\":{\"@id\":\"https:\\\/\\\/inmondo.pl\\\/de\\\/sklep\\\/elementy\\\/biurka\\\/biurko-dzieciece-z-szufladami-i-przegroda\\\/#breadcrumb\"},\"inLanguage\":\"de\",\"potentialAction\":[{\"@type\":\"ReadAction\",\"target\":[\"https:\\\/\\\/inmondo.pl\\\/de\\\/sklep\\\/elementy\\\/biurka\\\/biurko-dzieciece-z-szufladami-i-przegroda\\\/\"]}]},{\"@type\":\"ImageObject\",\"inLanguage\":\"de\",\"@id\":\"https:\\\/\\\/inmondo.pl\\\/de\\\/sklep\\\/elementy\\\/biurka\\\/biurko-dzieciece-z-szufladami-i-przegroda\\\/#primaryimage\",\"url\":\"https:\\\/\\\/inmondo.pl\\\/wp-content\\\/uploads\\\/2025\\\/08\\\/biurko.jpg\",\"contentUrl\":\"https:\\\/\\\/inmondo.pl\\\/wp-content\\\/uploads\\\/2025\\\/08\\\/biurko.jpg\",\"width\":1920,\"height\":1920},{\"@type\":\"BreadcrumbList\",\"@id\":\"https:\\\/\\\/inmondo.pl\\\/de\\\/sklep\\\/elementy\\\/biurka\\\/biurko-dzieciece-z-szufladami-i-przegroda\\\/#breadcrumb\",\"itemListElement\":[{\"@type\":\"ListItem\",\"position\":1,\"name\":\"Strona g\u0142\u00f3wna\",\"item\":\"https:\\\/\\\/inmondo.pl\\\/\"},{\"@type\":\"ListItem\",\"position\":2,\"name\":\"Oferta Inmondo: spe\u0142niamy marzenia i wymagania\",\"item\":\"https:\\\/\\\/inmondo.pl\\\/sklep\\\/\"},{\"@type\":\"ListItem\",\"position\":3,\"name\":\"Elementy\",\"item\":\"https:\\\/\\\/inmondo.pl\\\/sklep\\\/elementy\\\/\"},{\"@type\":\"ListItem\",\"position\":4,\"name\":\"Biurko dzieci\u0119ce z szufladami i przegrod\u0105\"}]},{\"@type\":\"WebSite\",\"@id\":\"https:\\\/\\\/inmondo.pl\\\/#website\",\"url\":\"https:\\\/\\\/inmondo.pl\\\/\",\"name\":\"Inmondo\",\"description\":\"\",\"potentialAction\":[{\"@type\":\"SearchAction\",\"target\":{\"@type\":\"EntryPoint\",\"urlTemplate\":\"https:\\\/\\\/inmondo.pl\\\/?s={search_term_string}\"},\"query-input\":{\"@type\":\"PropertyValueSpecification\",\"valueRequired\":true,\"valueName\":\"search_term_string\"}}],\"inLanguage\":\"de\"}]}<\/script>\n<!-- \/ Yoast SEO plugin. -->","yoast_head_json":{"title":"Kinderschreibtisch mit Schubladen und Trennwand - Inmondo","description":"Collet minimalistischer Kinderschreibtisch mit Schubladen und praktischem Rucksackfach. Gro\u00dfe Platte, sichere Materialien, ideal f\u00fcr einen Studenten oder Teenager.","robots":{"index":"index","follow":"follow","max-snippet":"max-snippet:-1","max-image-preview":"max-image-preview:large","max-video-preview":"max-video-preview:-1"},"canonical":"https:\/\/inmondo.pl\/de\/sklep\/elementy\/biurka\/biurko-dzieciece-z-szufladami-i-przegroda\/","og_locale":"de_DE","og_type":"article","og_title":"Biurko dzieci\u0119ce z szufladami i przegrod\u0105 - Inmondo","og_description":"Minimalistyczne biurko dzieci\u0119ce Collet z szufladami i praktyczn\u0105 przegrod\u0105 na plecak. Du\u017cy blat, bezpieczne materia\u0142y, idealne dla ucznia i nastolatka.","og_url":"https:\/\/inmondo.pl\/de\/sklep\/elementy\/biurka\/biurko-dzieciece-z-szufladami-i-przegroda\/","og_site_name":"Inmondo","article_modified_time":"2026-04-08T12:18:19+00:00","og_image":[{"width":1920,"height":1920,"url":"https:\/\/inmondo.pl\/wp-content\/uploads\/2025\/08\/biurko.jpg","type":"image\/jpeg"}],"twitter_card":"summary_large_image","twitter_misc":{"Gesch\u00e4tzte Lesezeit":"3\u00a0Minuten"},"schema":{"@context":"https:\/\/schema.org","@graph":[{"@type":"WebPage","@id":"https:\/\/inmondo.pl\/de\/sklep\/elementy\/biurka\/biurko-dzieciece-z-szufladami-i-przegroda\/","url":"https:\/\/inmondo.pl\/de\/sklep\/elementy\/biurka\/biurko-dzieciece-z-szufladami-i-przegroda\/","name":"Kinderschreibtisch mit Schubladen und Trennwand - Inmondo","isPartOf":{"@id":"https:\/\/inmondo.pl\/#website"},"primaryImageOfPage":{"@id":"https:\/\/inmondo.pl\/de\/sklep\/elementy\/biurka\/biurko-dzieciece-z-szufladami-i-przegroda\/#primaryimage"},"image":{"@id":"https:\/\/inmondo.pl\/de\/sklep\/elementy\/biurka\/biurko-dzieciece-z-szufladami-i-przegroda\/#primaryimage"},"thumbnailUrl":"https:\/\/inmondo.pl\/wp-content\/uploads\/2025\/08\/biurko.jpg","datePublished":"2025-06-09T13:27:33+00:00","dateModified":"2026-04-08T12:18:19+00:00","description":"Collet minimalistischer Kinderschreibtisch mit Schubladen und praktischem Rucksackfach. Gro\u00dfe Platte, sichere Materialien, ideal f\u00fcr einen Studenten oder Teenager.","breadcrumb":{"@id":"https:\/\/inmondo.pl\/de\/sklep\/elementy\/biurka\/biurko-dzieciece-z-szufladami-i-przegroda\/#breadcrumb"},"inLanguage":"de","potentialAction":[{"@type":"ReadAction","target":["https:\/\/inmondo.pl\/de\/sklep\/elementy\/biurka\/biurko-dzieciece-z-szufladami-i-przegroda\/"]}]},{"@type":"ImageObject","inLanguage":"de","@id":"https:\/\/inmondo.pl\/de\/sklep\/elementy\/biurka\/biurko-dzieciece-z-szufladami-i-przegroda\/#primaryimage","url":"https:\/\/inmondo.pl\/wp-content\/uploads\/2025\/08\/biurko.jpg","contentUrl":"https:\/\/inmondo.pl\/wp-content\/uploads\/2025\/08\/biurko.jpg","width":1920,"height":1920},{"@type":"BreadcrumbList","@id":"https:\/\/inmondo.pl\/de\/sklep\/elementy\/biurka\/biurko-dzieciece-z-szufladami-i-przegroda\/#breadcrumb","itemListElement":[{"@type":"ListItem","position":1,"name":"Strona g\u0142\u00f3wna","item":"https:\/\/inmondo.pl\/"},{"@type":"ListItem","position":2,"name":"Oferta Inmondo: spe\u0142niamy marzenia i wymagania","item":"https:\/\/inmondo.pl\/sklep\/"},{"@type":"ListItem","position":3,"name":"Elementy","item":"https:\/\/inmondo.pl\/sklep\/elementy\/"},{"@type":"ListItem","position":4,"name":"Biurko dzieci\u0119ce z szufladami i przegrod\u0105"}]},{"@type":"WebSite","@id":"https:\/\/inmondo.pl\/#website","url":"https:\/\/inmondo.pl\/","name":"Inmondo","description":"","potentialAction":[{"@type":"SearchAction","target":{"@type":"EntryPoint","urlTemplate":"https:\/\/inmondo.pl\/?s={search_term_string}"},"query-input":{"@type":"PropertyValueSpecification","valueRequired":true,"valueName":"search_term_string"}}],"inLanguage":"de"}]}},"wcpa_form_fields":null,"_links":{"self":[{"href":"https:\/\/inmondo.pl\/de\/wp-json\/wp\/v2\/product\/10259","targetHints":{"allow":["GET"]}}],"collection":[{"href":"https:\/\/inmondo.pl\/de\/wp-json\/wp\/v2\/product"}],"about":[{"href":"https:\/\/inmondo.pl\/de\/wp-json\/wp\/v2\/types\/product"}],"replies":[{"embeddable":true,"href":"https:\/\/inmondo.pl\/de\/wp-json\/wp\/v2\/comments?post=10259"}],"wp:featuredmedia":[{"embeddable":true,"href":"https:\/\/inmondo.pl\/de\/wp-json\/wp\/v2\/media\/10848"}],"wp:attachment":[{"href":"https:\/\/inmondo.pl\/de\/wp-json\/wp\/v2\/media?parent=10259"}],"wp:term":[{"taxonomy":"product_brand","embeddable":true,"href":"https:\/\/inmondo.pl\/de\/wp-json\/wp\/v2\/product_brand?post=10259"},{"taxonomy":"product_cat","embeddable":true,"href":"https:\/\/inmondo.pl\/de\/wp-json\/wp\/v2\/product_cat?post=10259"},{"taxonomy":"product_tag","embeddable":true,"href":"https:\/\/inmondo.pl\/de\/wp-json\/wp\/v2\/product_tag?post=10259"}],"curies":[{"name":"wp","href":"https:\/\/api.w.org\/{rel}","templated":true}]}}