{"id":10889,"date":"2025-09-01T10:05:39","date_gmt":"2025-09-01T08:05:39","guid":{"rendered":"https:\/\/inmondo.pl\/?page_id=10889"},"modified":"2025-09-06T18:04:55","modified_gmt":"2025-09-06T16:04:55","slug":"catalog","status":"publish","type":"page","link":"https:\/\/inmondo.pl\/de\/catalog\/","title":{"rendered":"Katalog"},"content":{"rendered":"<h1 class=\"wp-block-heading\">Mit \u00fcber 40 Jahren Erfahrung in der M\u00f6belindustrie bieten wir einen modernen Ansatz f\u00fcr die Bed\u00fcrfnisse der heutigen Familien.<\/h1>\n\n\n\n<p>Unsere Kollektionen werden mit Bedacht entworfen und in Polen aus sicheren, hochwertigen Materialien hergestellt.<\/p>\n\n\n\n<p><\/p>","protected":false},"excerpt":{"rendered":"<p>Mit \u00fcber 40 Jahren Erfahrung in der M\u00f6belbranche bieten wir einen modernen Ansatz f\u00fcr die Bed\u00fcrfnisse der Familien von heute. Unsere Kollektionen werden mit Bedacht entworfen und in Polen aus sicheren, hochwertigen Materialien hergestellt.<\/p>","protected":false},"author":145,"featured_media":10331,"parent":0,"menu_order":0,"comment_status":"closed","ping_status":"closed","template":"page-templates\/page-flexibleContent-subpage.php","meta":{"_acf_changed":false,"footnotes":""},"class_list":["post-10889","page","type-page","status-publish","has-post-thumbnail","hentry"],"acf":{"sections_subsite":[{"acf_fc_layout":"section_subsite_banner","title":"Inmondo-Katalog","description":"<p style=\"text-align: center;\">Wir von Inmondo entwerfen und produzieren <strong data-start=\"306\" data-end=\"391\">Kinderm\u00f6bel, die Sicherheit, nat\u00fcrliche Materialien und zeitloses Design vereinen<\/strong>.<br data-start=\"392\" data-end=\"395\" \/>Unsere Kollektionen werden in Polen mit gro\u00dfer Sorgfalt und Liebe zum Detail hergestellt - geschaffen, um mit den Kindern mitzuwachsen und jedes Zimmer zu einem besonderen Ort zu machen.<\/p>","color":"#F4F6F6"},{"acf_fc_layout":"section_subsite_banner","title":"Entdecken Sie den Inmondo-Katalog","description":"<p style=\"text-align: center;\">Hier finden Sie nicht nur praktische Kinderm\u00f6bel, sondern auch inspirierende Arrangements, die die Kreativit\u00e4t und Entwicklung Ihrer Kleinen anregen.<\/p>\n<p style=\"text-align: center;\">Wir laden Sie ein, unser Sortiment zu erkunden, bei dem jedes einzelne Produkt sorgf\u00e4ltig ausgew\u00e4hlt wurde, um den Komfort und die Sicherheit Ihres Kindes zu gew\u00e4hrleisten. Finden Sie die perfekte Mischung aus Funktionalit\u00e4t und Design und schaffen Sie gemeinsam mit uns eine einzigartige, magische Welt f\u00fcr Ihren kleinen Schatz.<\/p>\n<p style=\"text-align: center;\">Sehen Sie selbst, wie die Gestaltung eines Kinderzimmers ein wahres Vergn\u00fcgen sein kann.<\/p>\n<p>&nbsp;<\/p>\n<p><a href=\"https:\/\/inmondo.pl\/wp-content\/uploads\/2025\/09\/Kopia-\u2013-KATALOG-INMONDO-2025-7.pdf\"><img loading=\"lazy\" decoding=\"async\" class=\"aligncenter wp-image-10926 size-large\" src=\"https:\/\/inmondo.pl\/wp-content\/uploads\/2025\/09\/KATALOG-INMONDO-2025-1-724x1024.jpg\" alt=\"\" width=\"724\" height=\"1024\" srcset=\"https:\/\/inmondo.pl\/wp-content\/uploads\/2025\/09\/KATALOG-INMONDO-2025-1-724x1024.jpg 724w, https:\/\/inmondo.pl\/wp-content\/uploads\/2025\/09\/KATALOG-INMONDO-2025-1-212x300.jpg 212w, https:\/\/inmondo.pl\/wp-content\/uploads\/2025\/09\/KATALOG-INMONDO-2025-1-768x1087.jpg 768w, https:\/\/inmondo.pl\/wp-content\/uploads\/2025\/09\/KATALOG-INMONDO-2025-1-1086x1536.jpg 1086w, https:\/\/inmondo.pl\/wp-content\/uploads\/2025\/09\/KATALOG-INMONDO-2025-1-8x12.jpg 8w, https:\/\/inmondo.pl\/wp-content\/uploads\/2025\/09\/KATALOG-INMONDO-2025-1-750x1061.jpg 750w, https:\/\/inmondo.pl\/wp-content\/uploads\/2025\/09\/KATALOG-INMONDO-2025-1-283x400.jpg 283w, https:\/\/inmondo.pl\/wp-content\/uploads\/2025\/09\/KATALOG-INMONDO-2025-1-600x849.jpg 600w, https:\/\/inmondo.pl\/wp-content\/uploads\/2025\/09\/KATALOG-INMONDO-2025-1.jpg 1357w\" sizes=\"auto, (max-width: 724px) 100vw, 724px\" \/><\/a><\/p>","color":"#F4F6F6"},{"acf_fc_layout":"section_subsite_lookbook_1","row_1":{"shortcode":"[woocommerce_lookbook id=\"10322\"]","wysiwyg":"<h3>Get inspired by our collections<\/h3>\n"},"row_2":{"shortcode":"[woocommerce_lookbook id=\"10334\"]","wysiwyg":"<h3>Get inspired by our collections<\/h3>\n"}},{"acf_fc_layout":"section_subsite_lookbook_1","row_1":{"shortcode":"[woocommerce_lookbook id=\"10330\"]","wysiwyg":"<h3>Get inspired by our collections<\/h3>\n"},"row_2":{"shortcode":"[woocommerce_lookbook id=\"9582\"]","wysiwyg":"<h3>Get inspired by our collections<\/h3>\n"}},{"acf_fc_layout":"sections_subsite_wysiwyg","wysiwyg":"<h2 style=\"text-align: center;\" data-start=\"749\" data-end=\"849\">Let\u2019s talk partnerships! Write to us at: <strong data-start=\"826\" data-end=\"847\"><a class=\"decorated-link cursor-pointer\" rel=\"noopener\" data-start=\"828\" data-end=\"845\">export@inmondo.pl<\/a><\/strong><\/h2>\n"}]},"yoast_head":"<!-- This site is optimized with the Yoast SEO plugin v27.3 - https:\/\/yoast.com\/product\/yoast-seo-wordpress\/ -->\n<title>Catalog - Inmondo<\/title>\n<meta name=\"robots\" content=\"index, follow, max-snippet:-1, max-image-preview:large, max-video-preview:-1\" \/>\n<link rel=\"canonical\" href=\"https:\/\/inmondo.pl\/de\/catalog\/\" \/>\n<meta property=\"og:locale\" content=\"de_DE\" \/>\n<meta property=\"og:type\" content=\"article\" \/>\n<meta property=\"og:title\" content=\"Catalog - Inmondo\" \/>\n<meta property=\"og:description\" content=\"With over 40 years of experience in the furniture industry, we bring a modern approach to the needs of today\u2019s families. Our collections are thoughtfully designed and crafted in Poland using safe, high-quality materials.\" \/>\n<meta property=\"og:url\" content=\"https:\/\/inmondo.pl\/de\/catalog\/\" \/>\n<meta property=\"og:site_name\" content=\"Inmondo\" \/>\n<meta property=\"article:modified_time\" content=\"2025-09-06T16:04:55+00:00\" \/>\n<meta property=\"og:image\" content=\"https:\/\/inmondo.pl\/wp-content\/uploads\/2025\/06\/ZDJECIA-LOOKBOOOK-INMONDO-1.jpg\" \/>\n\t<meta property=\"og:image:width\" content=\"729\" \/>\n\t<meta property=\"og:image:height\" content=\"410\" \/>\n\t<meta property=\"og:image:type\" content=\"image\/jpeg\" \/>\n<meta name=\"twitter:card\" content=\"summary_large_image\" \/>\n<meta name=\"twitter:label1\" content=\"Gesch\u00e4tzte Lesezeit\" \/>\n\t<meta name=\"twitter:data1\" content=\"2\u00a0Minuten\" \/>\n<script type=\"application\/ld+json\" class=\"yoast-schema-graph\">{\"@context\":\"https:\\\/\\\/schema.org\",\"@graph\":[{\"@type\":\"WebPage\",\"@id\":\"https:\\\/\\\/inmondo.pl\\\/catalog\\\/\",\"url\":\"https:\\\/\\\/inmondo.pl\\\/catalog\\\/\",\"name\":\"Catalog - Inmondo\",\"isPartOf\":{\"@id\":\"https:\\\/\\\/inmondo.pl\\\/#website\"},\"primaryImageOfPage\":{\"@id\":\"https:\\\/\\\/inmondo.pl\\\/catalog\\\/#primaryimage\"},\"image\":{\"@id\":\"https:\\\/\\\/inmondo.pl\\\/catalog\\\/#primaryimage\"},\"thumbnailUrl\":\"https:\\\/\\\/inmondo.pl\\\/wp-content\\\/uploads\\\/2025\\\/06\\\/ZDJECIA-LOOKBOOOK-INMONDO-1.jpg\",\"datePublished\":\"2025-09-01T08:05:39+00:00\",\"dateModified\":\"2025-09-06T16:04:55+00:00\",\"breadcrumb\":{\"@id\":\"https:\\\/\\\/inmondo.pl\\\/catalog\\\/#breadcrumb\"},\"inLanguage\":\"de\",\"potentialAction\":[{\"@type\":\"ReadAction\",\"target\":[\"https:\\\/\\\/inmondo.pl\\\/catalog\\\/\"]}]},{\"@type\":\"ImageObject\",\"inLanguage\":\"de\",\"@id\":\"https:\\\/\\\/inmondo.pl\\\/catalog\\\/#primaryimage\",\"url\":\"https:\\\/\\\/inmondo.pl\\\/wp-content\\\/uploads\\\/2025\\\/06\\\/ZDJECIA-LOOKBOOOK-INMONDO-1.jpg\",\"contentUrl\":\"https:\\\/\\\/inmondo.pl\\\/wp-content\\\/uploads\\\/2025\\\/06\\\/ZDJECIA-LOOKBOOOK-INMONDO-1.jpg\",\"width\":729,\"height\":410},{\"@type\":\"BreadcrumbList\",\"@id\":\"https:\\\/\\\/inmondo.pl\\\/catalog\\\/#breadcrumb\",\"itemListElement\":[{\"@type\":\"ListItem\",\"position\":1,\"name\":\"Strona g\u0142\u00f3wna\",\"item\":\"https:\\\/\\\/inmondo.pl\\\/\"},{\"@type\":\"ListItem\",\"position\":2,\"name\":\"Catalog\"}]},{\"@type\":\"WebSite\",\"@id\":\"https:\\\/\\\/inmondo.pl\\\/#website\",\"url\":\"https:\\\/\\\/inmondo.pl\\\/\",\"name\":\"Inmondo\",\"description\":\"\",\"potentialAction\":[{\"@type\":\"SearchAction\",\"target\":{\"@type\":\"EntryPoint\",\"urlTemplate\":\"https:\\\/\\\/inmondo.pl\\\/?s={search_term_string}\"},\"query-input\":{\"@type\":\"PropertyValueSpecification\",\"valueRequired\":true,\"valueName\":\"search_term_string\"}}],\"inLanguage\":\"de\"}]}<\/script>\n<!-- \/ Yoast SEO plugin. -->","yoast_head_json":{"title":"Katalog - Inmondo","robots":{"index":"index","follow":"follow","max-snippet":"max-snippet:-1","max-image-preview":"max-image-preview:large","max-video-preview":"max-video-preview:-1"},"canonical":"https:\/\/inmondo.pl\/de\/catalog\/","og_locale":"de_DE","og_type":"article","og_title":"Catalog - Inmondo","og_description":"With over 40 years of experience in the furniture industry, we bring a modern approach to the needs of today\u2019s families. Our collections are thoughtfully designed and crafted in Poland using safe, high-quality materials.","og_url":"https:\/\/inmondo.pl\/de\/catalog\/","og_site_name":"Inmondo","article_modified_time":"2025-09-06T16:04:55+00:00","og_image":[{"width":729,"height":410,"url":"https:\/\/inmondo.pl\/wp-content\/uploads\/2025\/06\/ZDJECIA-LOOKBOOOK-INMONDO-1.jpg","type":"image\/jpeg"}],"twitter_card":"summary_large_image","twitter_misc":{"Gesch\u00e4tzte Lesezeit":"2\u00a0Minuten"},"schema":{"@context":"https:\/\/schema.org","@graph":[{"@type":"WebPage","@id":"https:\/\/inmondo.pl\/catalog\/","url":"https:\/\/inmondo.pl\/catalog\/","name":"Katalog - Inmondo","isPartOf":{"@id":"https:\/\/inmondo.pl\/#website"},"primaryImageOfPage":{"@id":"https:\/\/inmondo.pl\/catalog\/#primaryimage"},"image":{"@id":"https:\/\/inmondo.pl\/catalog\/#primaryimage"},"thumbnailUrl":"https:\/\/inmondo.pl\/wp-content\/uploads\/2025\/06\/ZDJECIA-LOOKBOOOK-INMONDO-1.jpg","datePublished":"2025-09-01T08:05:39+00:00","dateModified":"2025-09-06T16:04:55+00:00","breadcrumb":{"@id":"https:\/\/inmondo.pl\/catalog\/#breadcrumb"},"inLanguage":"de","potentialAction":[{"@type":"ReadAction","target":["https:\/\/inmondo.pl\/catalog\/"]}]},{"@type":"ImageObject","inLanguage":"de","@id":"https:\/\/inmondo.pl\/catalog\/#primaryimage","url":"https:\/\/inmondo.pl\/wp-content\/uploads\/2025\/06\/ZDJECIA-LOOKBOOOK-INMONDO-1.jpg","contentUrl":"https:\/\/inmondo.pl\/wp-content\/uploads\/2025\/06\/ZDJECIA-LOOKBOOOK-INMONDO-1.jpg","width":729,"height":410},{"@type":"BreadcrumbList","@id":"https:\/\/inmondo.pl\/catalog\/#breadcrumb","itemListElement":[{"@type":"ListItem","position":1,"name":"Strona g\u0142\u00f3wna","item":"https:\/\/inmondo.pl\/"},{"@type":"ListItem","position":2,"name":"Catalog"}]},{"@type":"WebSite","@id":"https:\/\/inmondo.pl\/#website","url":"https:\/\/inmondo.pl\/","name":"Inmondo","description":"","potentialAction":[{"@type":"SearchAction","target":{"@type":"EntryPoint","urlTemplate":"https:\/\/inmondo.pl\/?s={search_term_string}"},"query-input":{"@type":"PropertyValueSpecification","valueRequired":true,"valueName":"search_term_string"}}],"inLanguage":"de"}]}},"_links":{"self":[{"href":"https:\/\/inmondo.pl\/de\/wp-json\/wp\/v2\/pages\/10889","targetHints":{"allow":["GET"]}}],"collection":[{"href":"https:\/\/inmondo.pl\/de\/wp-json\/wp\/v2\/pages"}],"about":[{"href":"https:\/\/inmondo.pl\/de\/wp-json\/wp\/v2\/types\/page"}],"author":[{"embeddable":true,"href":"https:\/\/inmondo.pl\/de\/wp-json\/wp\/v2\/users\/145"}],"replies":[{"embeddable":true,"href":"https:\/\/inmondo.pl\/de\/wp-json\/wp\/v2\/comments?post=10889"}],"version-history":[{"count":19,"href":"https:\/\/inmondo.pl\/de\/wp-json\/wp\/v2\/pages\/10889\/revisions"}],"predecessor-version":[{"id":10934,"href":"https:\/\/inmondo.pl\/de\/wp-json\/wp\/v2\/pages\/10889\/revisions\/10934"}],"wp:featuredmedia":[{"embeddable":true,"href":"https:\/\/inmondo.pl\/de\/wp-json\/wp\/v2\/media\/10331"}],"wp:attachment":[{"href":"https:\/\/inmondo.pl\/de\/wp-json\/wp\/v2\/media?parent=10889"}],"curies":[{"name":"wp","href":"https:\/\/api.w.org\/{rel}","templated":true}]}}